{"id":971,"date":"2022-07-25T14:32:47","date_gmt":"2022-07-25T12:32:47","guid":{"rendered":"https:\/\/fortests.de\/?page_id=971"},"modified":"2022-07-25T14:32:47","modified_gmt":"2022-07-25T12:32:47","slug":"unser-schulhund","status":"publish","type":"page","link":"https:\/\/fortests.de\/index.php\/unser-schulhund\/","title":{"rendered":"Unser Schulhund"},"content":{"rendered":"\n<p>Alfi ist seit mehreren Jahren als Schulhund an unserer Schule im Einsatz. Alfi und Frau Carter sind speziell f\u00fcr diese Arbeit ausgebildet und bereichern den Schulalltag vieler unserer Sch\u00fcler. Alfi begleitet Frau Carter mindestens einmal die Woche. Dort hilft er die Lernatmosph\u00e4re positiv zu beeinflussen und wird immer wieder f\u00fcr einzelne Unterrichtssequenzen zum Beispiel im Mathematikunterricht eingesetzt. Aber auch als guter Zuh\u00f6rer in der Lesef\u00f6rderung begeistert Alfi die Kinder. Dar\u00fcber hinaus sind Frau Carter und Alfi auch immer wieder willkommene G\u00e4ste in all unseren Klassen.<\/p>\n","protected":false},"excerpt":{"rendered":"<p>Alfi ist seit mehreren Jahren als Schulhund an unserer Schule im Einsatz. Alfi und Frau Carter sind speziell f\u00fcr diese Arbeit ausgebildet und bereichern den Schulalltag vieler unserer Sch\u00fcler. Alfi begleitet Frau Carter mindestens einmal die Woche. Dort hilft er die Lernatmosph\u00e4re positiv zu beeinflussen und wird immer wieder f\u00fcr einzelne Unterrichtssequenzen zum Beispiel im Mathematikunterricht eingesetzt. Aber auch als guter Zuh\u00f6rer in der Lesef\u00f6rderung begeistert Alfi die Kinder. Dar\u00fcber hinaus sind Frau Carter und Alfi auch immer wieder willkommene G\u00e4ste in all unseren Klassen.<\/p>\n","protected":false},"author":3,"featured_media":0,"parent":0,"menu_order":0,"comment_status":"closed","ping_status":"closed","template":"","meta":[],"blocksy_meta":{"styles_descriptor":{"styles":{"desktop":"","tablet":"","mobile":""},"google_fonts":[],"version":5}},"featured_image_urls":{"full":"","thumbnail":"","medium":"","medium_large":"","large":"","1536x1536":"","2048x2048":""},"post_excerpt_stackable":"<p>Alfi ist seit mehreren Jahren als Schulhund an unserer Schule im Einsatz. Alfi und Frau Carter sind speziell f\u00fcr diese Arbeit ausgebildet und bereichern den Schulalltag vieler unserer Sch\u00fcler. Alfi begleitet Frau Carter mindestens einmal die Woche. Dort hilft er die Lernatmosph\u00e4re positiv zu beeinflussen und wird immer wieder f\u00fcr einzelne Unterrichtssequenzen zum Beispiel im Mathematikunterricht eingesetzt. Aber auch als guter Zuh\u00f6rer in der Lesef\u00f6rderung begeistert Alfi die Kinder. Dar\u00fcber hinaus sind Frau Carter und Alfi auch immer wieder willkommene G\u00e4ste in all unseren Klassen.<\/p>\n","category_list":"","author_info":{"name":"MM","url":"https:\/\/fortests.de\/index.php\/author\/m9124\/"},"comments_num":"0 comments","featured_image_urls_v2":{"full":"","thumbnail":"","medium":"","medium_large":"","large":"","1536x1536":"","2048x2048":""},"post_excerpt_stackable_v2":"<p>Alfi ist seit mehreren Jahren als Schulhund an unserer Schule im Einsatz. Alfi und Frau Carter sind speziell f\u00fcr diese Arbeit ausgebildet und bereichern den Schulalltag vieler unserer Sch\u00fcler. Alfi begleitet Frau Carter mindestens einmal die Woche. Dort hilft er die Lernatmosph\u00e4re positiv zu beeinflussen und wird immer wieder f\u00fcr einzelne Unterrichtssequenzen zum Beispiel im Mathematikunterricht eingesetzt. Aber auch als guter Zuh\u00f6rer in der Lesef\u00f6rderung begeistert Alfi die Kinder. Dar\u00fcber hinaus sind Frau Carter und Alfi auch immer wieder willkommene G\u00e4ste in all unseren Klassen.<\/p>\n","category_list_v2":"","author_info_v2":{"name":"MM","url":"https:\/\/fortests.de\/index.php\/author\/m9124\/"},"comments_num_v2":"0 comments","_links":{"self":[{"href":"https:\/\/fortests.de\/index.php\/wp-json\/wp\/v2\/pages\/971"}],"collection":[{"href":"https:\/\/fortests.de\/index.php\/wp-json\/wp\/v2\/pages"}],"about":[{"href":"https:\/\/fortests.de\/index.php\/wp-json\/wp\/v2\/types\/page"}],"author":[{"embeddable":true,"href":"https:\/\/fortests.de\/index.php\/wp-json\/wp\/v2\/users\/3"}],"replies":[{"embeddable":true,"href":"https:\/\/fortests.de\/index.php\/wp-json\/wp\/v2\/comments?post=971"}],"version-history":[{"count":1,"href":"https:\/\/fortests.de\/index.php\/wp-json\/wp\/v2\/pages\/971\/revisions"}],"predecessor-version":[{"id":972,"href":"https:\/\/fortests.de\/index.php\/wp-json\/wp\/v2\/pages\/971\/revisions\/972"}],"wp:attachment":[{"href":"https:\/\/fortests.de\/index.php\/wp-json\/wp\/v2\/media?parent=971"}],"curies":[{"name":"wp","href":"https:\/\/api.w.org\/{rel}","templated":true}]}}