{"id":965,"date":"2022-07-25T14:12:15","date_gmt":"2022-07-25T12:12:15","guid":{"rendered":"https:\/\/fortests.de\/?page_id=965"},"modified":"2022-07-25T14:45:51","modified_gmt":"2022-07-25T12:45:51","slug":"koelner-schule-im-verbund-europaeischer-schulen","status":"publish","type":"page","link":"https:\/\/fortests.de\/index.php\/paedagogik\/koelner-schule-im-verbund-europaeischer-schulen\/","title":{"rendered":"K\u00f6lner Schule im Verbund europ\u00e4ischer Schulen"},"content":{"rendered":"\n<p>Seit 2008 ist die GGS Erlenweg im Verbund europ\u00e4ischer Schulen. Aufgrund der uns vielf\u00e4ltig bereichernden Sprachenvielfalt unserer Sch\u00fcler*innen und unserer Elternschaft sind wir in den Verbund eingetreten. Alle Schulentwicklungsthemen werden immer auch unter dem Aspekt der Sprachenvielfalt an unserer Schule beleuchtet.<\/p>\n","protected":false},"excerpt":{"rendered":"<p>Seit 2008 ist die GGS Erlenweg im Verbund europ\u00e4ischer Schulen. Aufgrund der uns vielf\u00e4ltig bereichernden Sprachenvielfalt unserer Sch\u00fcler*innen und unserer Elternschaft sind wir in den Verbund eingetreten. Alle Schulentwicklungsthemen werden immer auch unter dem Aspekt der Sprachenvielfalt an unserer Schule beleuchtet.<\/p>\n","protected":false},"author":3,"featured_media":0,"parent":655,"menu_order":6,"comment_status":"closed","ping_status":"closed","template":"","meta":[],"blocksy_meta":{"styles_descriptor":{"styles":{"desktop":"","tablet":"","mobile":""},"google_fonts":[],"version":5}},"featured_image_urls":{"full":"","thumbnail":"","medium":"","medium_large":"","large":"","1536x1536":"","2048x2048":""},"post_excerpt_stackable":"<p>Seit 2008 ist die GGS Erlenweg im Verbund europ\u00e4ischer Schulen. Aufgrund der uns vielf\u00e4ltig bereichernden Sprachenvielfalt unserer Sch\u00fcler*innen und unserer Elternschaft sind wir in den Verbund eingetreten. Alle Schulentwicklungsthemen werden immer auch unter dem Aspekt der Sprachenvielfalt an unserer Schule beleuchtet.<\/p>\n","category_list":"","author_info":{"name":"MM","url":"https:\/\/fortests.de\/index.php\/author\/m9124\/"},"comments_num":"0 comments","featured_image_urls_v2":{"full":"","thumbnail":"","medium":"","medium_large":"","large":"","1536x1536":"","2048x2048":""},"post_excerpt_stackable_v2":"<p>Seit 2008 ist die GGS Erlenweg im Verbund europ\u00e4ischer Schulen. Aufgrund der uns vielf\u00e4ltig bereichernden Sprachenvielfalt unserer Sch\u00fcler*innen und unserer Elternschaft sind wir in den Verbund eingetreten. Alle Schulentwicklungsthemen werden immer auch unter dem Aspekt der Sprachenvielfalt an unserer Schule beleuchtet.<\/p>\n","category_list_v2":"","author_info_v2":{"name":"MM","url":"https:\/\/fortests.de\/index.php\/author\/m9124\/"},"comments_num_v2":"0 comments","_links":{"self":[{"href":"https:\/\/fortests.de\/index.php\/wp-json\/wp\/v2\/pages\/965"}],"collection":[{"href":"https:\/\/fortests.de\/index.php\/wp-json\/wp\/v2\/pages"}],"about":[{"href":"https:\/\/fortests.de\/index.php\/wp-json\/wp\/v2\/types\/page"}],"author":[{"embeddable":true,"href":"https:\/\/fortests.de\/index.php\/wp-json\/wp\/v2\/users\/3"}],"replies":[{"embeddable":true,"href":"https:\/\/fortests.de\/index.php\/wp-json\/wp\/v2\/comments?post=965"}],"version-history":[{"count":1,"href":"https:\/\/fortests.de\/index.php\/wp-json\/wp\/v2\/pages\/965\/revisions"}],"predecessor-version":[{"id":966,"href":"https:\/\/fortests.de\/index.php\/wp-json\/wp\/v2\/pages\/965\/revisions\/966"}],"up":[{"embeddable":true,"href":"https:\/\/fortests.de\/index.php\/wp-json\/wp\/v2\/pages\/655"}],"wp:attachment":[{"href":"https:\/\/fortests.de\/index.php\/wp-json\/wp\/v2\/media?parent=965"}],"curies":[{"name":"wp","href":"https:\/\/api.w.org\/{rel}","templated":true}]}}