{"id":961,"date":"2022-07-25T14:08:15","date_gmt":"2022-07-25T12:08:15","guid":{"rendered":"https:\/\/fortests.de\/?page_id=961"},"modified":"2022-07-25T14:40:40","modified_gmt":"2022-07-25T12:40:40","slug":"classroom-management","status":"publish","type":"page","link":"https:\/\/fortests.de\/index.php\/paedagogik\/classroom-management\/","title":{"rendered":"Classroom Management"},"content":{"rendered":"\n<p>An unserer Schule gibt es feste Rituale und Strukturen, die in allen Klassen gleich sind. Das gibt Kinder und P\u00e4dagogen eine verl\u00e4ssliche Orientierung und einen klar strukturierten Rahmen.&nbsp;<\/p>\n\n\n\n<p>Dazu geh\u00f6ren ein vorbereiteter Klassenraum, unterrichtliche Planung und kooperative Lernformen genauso wie die Schaffung eines positiven Lernklimas, die Best\u00e4rkung der Sch\u00fcler sowie das Festlegen und Durchsetzen von Konsequenzen.&nbsp;<\/p>\n\n\n\n<p>Beispiele aus unserem Schulalltag<\/p>\n\n\n\n<h3>Regeln<\/h3>\n\n\n\n<p>In jeder Klasse und OGTS Gruppe wird mit den Kindern eine \u00fcberschaubare Anzahl an Regeln vereinbart. Ihr Umfang variiert je nach Klassenstufe, umfasst aber mindestens die vereinbarten Regeln unseres p\u00e4dagogischen Konzeptes.<\/p>\n\n\n\n<h3>Aufstellregeln<\/h3>\n\n\n\n<p>Es gelten f\u00fcr alle G\u00e4nge in der Schule einheitliche Aufstellregeln: Die Kinder stellen sich paarweise auf, das erste Kind h\u00e4lt die T\u00fcr auf, l\u00e4sst alle anderen Kinder vorbeiziehen und reiht sich dann an das Ende der Schlange an. Das n\u00e4chste Kind verf\u00e4hrt ebenso usw.<\/p>\n\n\n\n<h3>Stillesignal und Aufr\u00e4um-\/ Kreismusik<\/h3>\n\n\n\n<p>In allen Klassen unserer Schule gibt es gemeinsame Regeln und Signale. Diese Strukturen geben den Kindern klare Orientierung und erleichtern in vielerlei Hinsicht den p\u00e4dagogischen Alltag.&nbsp;<\/p>\n\n\n\n<p>Zu diesen Regeln z\u00e4hlen: das Stillesignal: In jeder Klasse gibt es ein akustisches Signal (z.B. Klangschale, Gong, Triangel), das die Kinder zum leise sein aufruft.&nbsp;<\/p>\n\n\n\n<p>In jeder Klasse ist eine CD mit Liedern zum Classroom-Management vorhanden. Lied 1: Aufr\u00e4ummusik, allen Kinder beenden ihre Arbeit und r\u00e4umen auf ( \u201eProbier`s mal mit Gem\u00fctlichkeit&#8220;), Lied 2: Kreismusik, alle Kinder kommen in einer klassenspezifisch festgelegten Reihenfolge in den Kreis.<\/p>\n\n\n\n<h3>Tagesplan<\/h3>\n\n\n\n<p>Um den Kindern eine Orientierung zum Tagesablauf zu geben, h\u00e4ngt in jeder Klasse ein Tagesplan mit f\u00fcr die Kinder ansprechenden Symbolen.&nbsp;<\/p>\n\n\n\n<h3><strong>Positive Verst\u00e4rku<\/strong>ng<\/h3>\n\n\n\n<p>Im Rahmen eines wertsch\u00e4tzenden Umgangs miteinander werden die Kinder bei der Einhaltung der Klassenregeln positiv verst\u00e4rkt.<\/p>\n","protected":false},"excerpt":{"rendered":"<p>An unserer Schule gibt es feste Rituale und Strukturen, die in allen Klassen gleich sind. Das gibt Kinder und P\u00e4dagogen eine verl\u00e4ssliche Orientierung und einen klar strukturierten Rahmen.&nbsp; Dazu geh\u00f6ren ein vorbereiteter Klassenraum, unterrichtliche Planung und kooperative Lernformen genauso wie die Schaffung eines positiven Lernklimas, die Best\u00e4rkung der Sch\u00fcler sowie das Festlegen und Durchsetzen von Konsequenzen.&nbsp; Beispiele aus unserem Schulalltag Regeln In jeder Klasse und OGTS Gruppe wird mit den Kindern eine \u00fcberschaubare Anzahl an Regeln vereinbart. Ihr Umfang variiert je nach Klassenstufe, umfasst aber mindestens die vereinbarten Regeln unseres p\u00e4dagogischen Konzeptes. Aufstellregeln Es gelten f\u00fcr alle G\u00e4nge in der\u2026<\/p>\n","protected":false},"author":3,"featured_media":0,"parent":655,"menu_order":1,"comment_status":"closed","ping_status":"closed","template":"","meta":[],"blocksy_meta":{"styles_descriptor":{"styles":{"desktop":"","tablet":"","mobile":""},"google_fonts":[],"version":5}},"featured_image_urls":{"full":"","thumbnail":"","medium":"","medium_large":"","large":"","1536x1536":"","2048x2048":""},"post_excerpt_stackable":"<p>An unserer Schule gibt es feste Rituale und Strukturen, die in allen Klassen gleich sind. Das gibt Kinder und P\u00e4dagogen eine verl\u00e4ssliche Orientierung und einen klar strukturierten Rahmen.&nbsp; Dazu geh\u00f6ren ein vorbereiteter Klassenraum, unterrichtliche Planung und kooperative Lernformen genauso wie die Schaffung eines positiven Lernklimas, die Best\u00e4rkung der Sch\u00fcler sowie das Festlegen und Durchsetzen von Konsequenzen.&nbsp; Beispiele aus unserem Schulalltag Regeln In jeder Klasse und OGTS Gruppe wird mit den Kindern eine \u00fcberschaubare Anzahl an Regeln vereinbart. Ihr Umfang variiert je nach Klassenstufe, umfasst aber mindestens die vereinbarten Regeln unseres p\u00e4dagogischen Konzeptes. Aufstellregeln Es gelten f\u00fcr alle G\u00e4nge in der&hellip;<\/p>\n","category_list":"","author_info":{"name":"MM","url":"https:\/\/fortests.de\/index.php\/author\/m9124\/"},"comments_num":"0 comments","featured_image_urls_v2":{"full":"","thumbnail":"","medium":"","medium_large":"","large":"","1536x1536":"","2048x2048":""},"post_excerpt_stackable_v2":"<p>An unserer Schule gibt es feste Rituale und Strukturen, die in allen Klassen gleich sind. Das gibt Kinder und P\u00e4dagogen eine verl\u00e4ssliche Orientierung und einen klar strukturierten Rahmen.&nbsp; Dazu geh\u00f6ren ein vorbereiteter Klassenraum, unterrichtliche Planung und kooperative Lernformen genauso wie die Schaffung eines positiven Lernklimas, die Best\u00e4rkung der Sch\u00fcler sowie das Festlegen und Durchsetzen von Konsequenzen.&nbsp; Beispiele aus unserem Schulalltag Regeln In jeder Klasse und OGTS Gruppe wird mit den Kindern eine \u00fcberschaubare Anzahl an Regeln vereinbart. Ihr Umfang variiert je nach Klassenstufe, umfasst aber mindestens die vereinbarten Regeln unseres p\u00e4dagogischen Konzeptes. Aufstellregeln Es gelten f\u00fcr alle G\u00e4nge in der&hellip;<\/p>\n","category_list_v2":"","author_info_v2":{"name":"MM","url":"https:\/\/fortests.de\/index.php\/author\/m9124\/"},"comments_num_v2":"0 comments","_links":{"self":[{"href":"https:\/\/fortests.de\/index.php\/wp-json\/wp\/v2\/pages\/961"}],"collection":[{"href":"https:\/\/fortests.de\/index.php\/wp-json\/wp\/v2\/pages"}],"about":[{"href":"https:\/\/fortests.de\/index.php\/wp-json\/wp\/v2\/types\/page"}],"author":[{"embeddable":true,"href":"https:\/\/fortests.de\/index.php\/wp-json\/wp\/v2\/users\/3"}],"replies":[{"embeddable":true,"href":"https:\/\/fortests.de\/index.php\/wp-json\/wp\/v2\/comments?post=961"}],"version-history":[{"count":1,"href":"https:\/\/fortests.de\/index.php\/wp-json\/wp\/v2\/pages\/961\/revisions"}],"predecessor-version":[{"id":962,"href":"https:\/\/fortests.de\/index.php\/wp-json\/wp\/v2\/pages\/961\/revisions\/962"}],"up":[{"embeddable":true,"href":"https:\/\/fortests.de\/index.php\/wp-json\/wp\/v2\/pages\/655"}],"wp:attachment":[{"href":"https:\/\/fortests.de\/index.php\/wp-json\/wp\/v2\/media?parent=961"}],"curies":[{"name":"wp","href":"https:\/\/api.w.org\/{rel}","templated":true}]}}