{"id":930,"date":"2022-07-15T22:17:30","date_gmt":"2022-07-15T20:17:30","guid":{"rendered":"https:\/\/www.ggs-erlenweg.de\/?page_id=930"},"modified":"2022-07-15T22:17:30","modified_gmt":"2022-07-15T20:17:30","slug":"der-traeger","status":"publish","type":"page","link":"https:\/\/fortests.de\/index.php\/der-traeger\/","title":{"rendered":"Der Tr\u00e4ger"},"content":{"rendered":"\n<div class=\"wp-block-stackable-heading stk-block-heading stk-block stk-54ac94d\" id=\"awo-kreisverband-koln\" data-block-id=\"54ac94d\"><h2 class=\"stk-block-heading__text has-text-align-center\">AWO Kreisverband K\u00f6ln<\/h2><\/div>\n\n\n\n<div class=\"wp-container-4 wp-block-columns is-not-stacked-on-mobile\">\n<div class=\"wp-container-1 wp-block-column\"><\/div>\n\n\n\n<div class=\"wp-container-2 wp-block-column\">\n<div class=\"wp-block-stackable-image stk-block-image stk-block stk-87009bb\" data-block-id=\"87009bb\"><figure class=\"stk-img-wrapper stk-image--shape-stretch\"><img loading=\"lazy\" class=\"stk-img wp-image-931\" src=\"https:\/\/www.ggs-erlenweg.de\/wp-content\/uploads\/2022\/07\/131206_awo_logo_210x90_px.jpg\" width=\"210\" height=\"90\"\/><\/figure><\/div>\n<\/div>\n\n\n\n<div class=\"wp-container-3 wp-block-column\"><\/div>\n<\/div>\n\n\n\n<div class=\"wp-block-stackable-text stk-block-text stk-block stk-79bf619\" data-block-id=\"79bf619\"><p class=\"stk-block-text__text\">Der Arbeiterwohlfahrt Kreisverband K\u00f6ln e.V. ist einer von sechs Spitzenverb\u00e4nden der Freien Wohlfahrtspflege in K\u00f6ln. Seit 1919 bietet die AWO in K\u00f6ln eine vielf\u00e4ltige Angebotspalette in verschiedenen Einrichtungen und Diensten aus den Bereichen Inklusive Schulkinderbetreuung und Bildung, Tageseinrichtungen f\u00fcr Kinder, Jugendeinrichtungen, Jugendgerichtshilfe, JobB\u00f6rse, h\u00e4usliche Krankenpflege, hauswirtschaftlicher Service, Seniorenzentren, Seniorenclubs, Reisen und vieles mehr. Seit 2004 betreut, unterst\u00fctzt und f\u00f6rdert unser Fachpersonal Sch\u00fclerinnen und Sch\u00fcler im Offenen Ganztag in K\u00f6ln.<\/p><\/div>\n\n\n\n<div class=\"wp-block-stackable-text stk-block-text stk-block stk-0a2f648\" data-block-id=\"0a2f648\"><p class=\"stk-block-text__text\">Das Bildungsverst\u00e4ndnis der AWO &#8222;Bildung von Anfang an&#8220; und &#8222;Chancengerechtigkeit f\u00fcr alle&#8220; sind f\u00fcr die AWO Voraussetzungen f\u00fcr eine inklusive Gesellschaft und Grundlage ihres bildungspolitischen Selbstverst\u00e4ndnisses. Das Kind in seiner Pers\u00f6nlichkeit und mit seiner je individuellen Herkunft ist Ausgangspunkt des Handelns; es soll in seiner Entwicklung zu einem eigenst\u00e4ndigen und sozial verantwortlichen Menschen in der Gesellschaft unterst\u00fctzt werden.<\/p><\/div>\n\n\n\n<div class=\"wp-block-stackable-text stk-block-text stk-block stk-c3dd26d\" data-block-id=\"c3dd26d\"><p class=\"stk-block-text__text\">Durch die Zusammenarbeit von Schule, Kinder- und Jugendhilfe sowie anderen Partnern strebt die AWO eine Lernkultur an, die Kinder und Jugendliche in ihrer Lebenswirklichkeit durch einen ganzheitlichen Ansatz von Bildung, Betreuung und Erziehung individuell in ihren Begabungen unterst\u00fctzt, f\u00f6rdert und auch fordert.<\/p><\/div>\n\n\n\n<div class=\"wp-block-stackable-text stk-block-text stk-block stk-a27cb15\" data-block-id=\"a27cb15\"><p class=\"stk-block-text__text\">Diese drei Eckpfeiler &#8211; Bildung, Betreuung und Erziehung &#8211; in der Schule geh\u00f6ren untrennbar zusammen.<\/p><\/div>\n\n\n\n<p>Bildung: Ein wichtiges Qualit\u00e4tsmerkmal der Ganztagsschule ist die Vielfalt an p\u00e4dagogischen und kulturellen Angeboten, die eng mit dem schulischen Unterrichtsangebot verkn\u00fcpft sind. Die Qualit\u00e4t dieser Angebote bietet die Voraussetzung f\u00fcr eine Lernkultur, welche am ehesten den verschiedenen Lernbed\u00fcrfnissen aller Sch\u00fclerinnen und Sch\u00fcler gerecht werden. In gemeinsamer Absprache mit der Schule und unter Ber\u00fccksichtigung der Bed\u00fcrfnisse der Sch\u00fclerinnen und Sch\u00fcler entwickelt die AWO ihre sozialp\u00e4dagogischen Bildungsangebote zur nachhaltigen Umsetzung in der Ganztagsschule.<\/p>\n\n\n\n<p>Betreuung: Die Verkn\u00fcpfung von Unterricht, F\u00f6rder- und Freizeitangeboten, verteilt \u00fcber den Vor-und Nachmittag, f\u00fchrt zu verl\u00e4sslichen Schulzeiten, wodurch die Vereinbarkeit von Familie und Beruf gest\u00e4rkt wird.<\/p>\n\n\n\n<div class=\"wp-block-stackable-text stk-block-text stk-block stk-c1df6df\" data-block-id=\"c1df6df\"><p class=\"stk-block-text__text\">Erziehung: Die individuellen Entwicklungsprozesse der Kinder werden begleitet, unterst\u00fctzt und gef\u00f6rdert. Die unterschiedlichen Lernvoraussetzungen der Sch\u00fclerinnen und Sch\u00fcler werden ber\u00fccksichtigt. Die Vermittlung von sozialen Schl\u00fcsselkompetenzen, wie z.B. Verantwortungsbewusstsein, Kooperationsbereitschaft und gegenseitige R\u00fccksichtnahme sind ein wichtiger Bestandteil der Erziehung.<\/p><\/div>\n\n\n\n<div class=\"wp-block-stackable-text stk-block-text stk-block stk-f0fee4b\" data-block-id=\"f0fee4b\"><p class=\"stk-block-text__text\">Die AWO K\u00f6ln setzt sich f\u00fcr die Rechte der Kinder ein. Wir haben uns den Grundwerten der Solidarit\u00e4t, Toleranz, Freiheit, Gleichheit und Gerechtigkeit verpflichtet mit folgender Bedeutung f\u00fcr die Arbeit im Kinder und Jugendbereich:<\/p><\/div>\n\n\n\n<ul style=\"letter-spacing:0.5px\"><li>Solidarit\u00e4t bedeutet, sich f\u00fcr andere einzusetzen und damit Gemeinschaftsgef\u00fchl zu entwickeln.<\/li><li>Toleranz bedeutet, die Individualit\u00e4t und Unterschiedlichkeiten bei Kindern, Jugendlichen und Familien zu erkennen, zu verstehen, zu akzeptieren und in die p\u00e4dagogische Arbeit einzubeziehen<\/li><li>Freiheit bedeutet, individuelle F\u00e4higkeiten zu entfalten und die Freiheit Andersdenkender zu ber\u00fccksichtigen.<\/li><li>Gleichheit bedeutet, Kinder und Jugendliche unabh\u00e4ngig von ihrer sozialen Herkunft zu f\u00f6rdern.<\/li><li>Gerechtigkeit bedeutet, die vielf\u00e4ltigen Bed\u00fcrfnisse von Kindern, Jugendlichen und Familien zu erkennen und das Dienstleitungsangebot entsprechend zu gestalten.<\/li><\/ul>\n\n\n\n<div class=\"wp-block-stackable-text stk-block-text stk-block stk-02954e2\" data-block-id=\"02954e2\"><p class=\"stk-block-text__text\">Durch die individuell ganzheitliche Bildung von Kindern und Jugendlichen sollen die Entwicklung ihrer Pers\u00f6nlichkeit, Selbst- und Sozialkompetenzen, F\u00e4higkeiten, und ihr Wissenserwerb systematisch gest\u00e4rkt werden. Die Bed\u00fcrfnisse der Sch\u00fcler richten sich an Geschlecht, Alter und auch den unterschiedlichen Begabungen und Neigungen aus. Aus einem Ort der reinen Wissensvermittlung gilt es somit einen Lebensraum zu schaffen, der auch den vielf\u00e4ltigen Freizeitbed\u00fcrfnissen von Sch\u00fclern gerecht wird. Wir wollen Kindern eine qualitative Vielfalt von Lern-, Handlungs-, Welt-, und Ich- Erfahrungen sichern, um sie f\u00fcr das Leben jetzt und in Zukunft stark zu machen.<\/p><\/div>\n\n\n\n<div class=\"wp-block-stackable-text stk-block-text stk-block stk-1f265d9\" data-block-id=\"1f265d9\"><p class=\"stk-block-text__text\">Die Offene Ganztagsgrundschule kann den schulischen Bildungs- und Erziehungsauftrag unterst\u00fctzen, sie kann Kindern in einer sich ver\u00e4ndernden Lebenswelt entwicklungsnotwendige Erfahrungen vermitteln, sie soll die Familien unterst\u00fctzen und entlasten und nicht zuletzt soll sie Eltern die Teilhabe am beruflichen, sozialen und kulturellen Leben erleichtern. Die Offene Ganztagsgrundschule, d.h. das gemeinsame Angebot am Vormittag und am Nachmittag, erf\u00fcllt damit sowohl p\u00e4dagogische als auch gesellschaftliche Funktionen.<\/p><\/div>\n","protected":false},"excerpt":{"rendered":"<p>AWO Kreisverband K\u00f6ln Der Arbeiterwohlfahrt Kreisverband K\u00f6ln e.V. ist einer von sechs Spitzenverb\u00e4nden der Freien Wohlfahrtspflege in K\u00f6ln. Seit 1919 bietet die AWO in K\u00f6ln eine vielf\u00e4ltige Angebotspalette in verschiedenen Einrichtungen und Diensten aus den Bereichen Inklusive Schulkinderbetreuung und Bildung, Tageseinrichtungen f\u00fcr Kinder, Jugendeinrichtungen, Jugendgerichtshilfe, JobB\u00f6rse, h\u00e4usliche Krankenpflege, hauswirtschaftlicher Service, Seniorenzentren, Seniorenclubs, Reisen und vieles mehr. Seit 2004 betreut, unterst\u00fctzt und f\u00f6rdert unser Fachpersonal Sch\u00fclerinnen und Sch\u00fcler im Offenen Ganztag in K\u00f6ln. Das Bildungsverst\u00e4ndnis der AWO &#8222;Bildung von Anfang an&#8220; und &#8222;Chancengerechtigkeit f\u00fcr alle&#8220; sind f\u00fcr die AWO Voraussetzungen f\u00fcr eine inklusive Gesellschaft und Grundlage ihres bildungspolitischen Selbstverst\u00e4ndnisses. Das Kind\u2026<\/p>\n","protected":false},"author":2,"featured_media":0,"parent":0,"menu_order":0,"comment_status":"closed","ping_status":"closed","template":"","meta":[],"blocksy_meta":{"styles_descriptor":{"styles":{"desktop":"","tablet":"","mobile":""},"google_fonts":[],"version":5}},"featured_image_urls":{"full":"","thumbnail":"","medium":"","medium_large":"","large":"","1536x1536":"","2048x2048":""},"post_excerpt_stackable":"<p>AWO Kreisverband K\u00f6ln Der Arbeiterwohlfahrt Kreisverband K\u00f6ln e.V. ist einer von sechs Spitzenverb\u00e4nden der Freien Wohlfahrtspflege in K\u00f6ln. Seit 1919 bietet die AWO in K\u00f6ln eine vielf\u00e4ltige Angebotspalette in verschiedenen Einrichtungen und Diensten aus den Bereichen Inklusive Schulkinderbetreuung und Bildung, Tageseinrichtungen f\u00fcr Kinder, Jugendeinrichtungen, Jugendgerichtshilfe, JobB\u00f6rse, h\u00e4usliche Krankenpflege, hauswirtschaftlicher Service, Seniorenzentren, Seniorenclubs, Reisen und vieles mehr. Seit 2004 betreut, unterst\u00fctzt und f\u00f6rdert unser Fachpersonal Sch\u00fclerinnen und Sch\u00fcler im Offenen Ganztag in K\u00f6ln. Das Bildungsverst\u00e4ndnis der AWO &#8222;Bildung von Anfang an&#8220; und &#8222;Chancengerechtigkeit f\u00fcr alle&#8220; sind f\u00fcr die AWO Voraussetzungen f\u00fcr eine inklusive Gesellschaft und Grundlage ihres bildungspolitischen Selbstverst\u00e4ndnisses. Das Kind&hellip;<\/p>\n","category_list":"","author_info":{"name":"FB","url":"https:\/\/fortests.de\/index.php\/author\/fexxes\/"},"comments_num":"0 comments","featured_image_urls_v2":{"full":"","thumbnail":"","medium":"","medium_large":"","large":"","1536x1536":"","2048x2048":""},"post_excerpt_stackable_v2":"<p>AWO Kreisverband K\u00f6ln Der Arbeiterwohlfahrt Kreisverband K\u00f6ln e.V. ist einer von sechs Spitzenverb\u00e4nden der Freien Wohlfahrtspflege in K\u00f6ln. Seit 1919 bietet die AWO in K\u00f6ln eine vielf\u00e4ltige Angebotspalette in verschiedenen Einrichtungen und Diensten aus den Bereichen Inklusive Schulkinderbetreuung und Bildung, Tageseinrichtungen f\u00fcr Kinder, Jugendeinrichtungen, Jugendgerichtshilfe, JobB\u00f6rse, h\u00e4usliche Krankenpflege, hauswirtschaftlicher Service, Seniorenzentren, Seniorenclubs, Reisen und vieles mehr. Seit 2004 betreut, unterst\u00fctzt und f\u00f6rdert unser Fachpersonal Sch\u00fclerinnen und Sch\u00fcler im Offenen Ganztag in K\u00f6ln. Das Bildungsverst\u00e4ndnis der AWO &#8222;Bildung von Anfang an&#8220; und &#8222;Chancengerechtigkeit f\u00fcr alle&#8220; sind f\u00fcr die AWO Voraussetzungen f\u00fcr eine inklusive Gesellschaft und Grundlage ihres bildungspolitischen Selbstverst\u00e4ndnisses. Das Kind&hellip;<\/p>\n","category_list_v2":"","author_info_v2":{"name":"FB","url":"https:\/\/fortests.de\/index.php\/author\/fexxes\/"},"comments_num_v2":"0 comments","_links":{"self":[{"href":"https:\/\/fortests.de\/index.php\/wp-json\/wp\/v2\/pages\/930"}],"collection":[{"href":"https:\/\/fortests.de\/index.php\/wp-json\/wp\/v2\/pages"}],"about":[{"href":"https:\/\/fortests.de\/index.php\/wp-json\/wp\/v2\/types\/page"}],"author":[{"embeddable":true,"href":"https:\/\/fortests.de\/index.php\/wp-json\/wp\/v2\/users\/2"}],"replies":[{"embeddable":true,"href":"https:\/\/fortests.de\/index.php\/wp-json\/wp\/v2\/comments?post=930"}],"version-history":[{"count":1,"href":"https:\/\/fortests.de\/index.php\/wp-json\/wp\/v2\/pages\/930\/revisions"}],"predecessor-version":[{"id":932,"href":"https:\/\/fortests.de\/index.php\/wp-json\/wp\/v2\/pages\/930\/revisions\/932"}],"wp:attachment":[{"href":"https:\/\/fortests.de\/index.php\/wp-json\/wp\/v2\/media?parent=930"}],"curies":[{"name":"wp","href":"https:\/\/api.w.org\/{rel}","templated":true}]}}