{"id":893,"date":"2022-07-15T21:35:14","date_gmt":"2022-07-15T19:35:14","guid":{"rendered":"https:\/\/www.ggs-erlenweg.de\/?page_id=893"},"modified":"2022-07-15T22:05:39","modified_gmt":"2022-07-15T20:05:39","slug":"eindruecke","status":"publish","type":"page","link":"https:\/\/fortests.de\/index.php\/eindruecke\/","title":{"rendered":"Eindr\u00fccke"},"content":{"rendered":"\n<div class=\"wp-block-stackable-heading stk-block-heading stk-block stk-b38add0\" id=\"karneval-im-lockdown\" data-block-id=\"b38add0\"><style>@media screen and (max-width:767px){.stk-b38add0 .stk-block-heading__text{font-size:21px !important}}<\/style><h2 class=\"stk-block-heading__text has-text-align-center\">Karneval im Lockdown<\/h2><\/div>\n\n\n\n<div class=\"wp-block-stackable-spacer stk-block-spacer stk--no-padding stk-block stk-8fd1d91\" data-block-id=\"8fd1d91\"><\/div>\n\n\n\n<div class=\"wp-block-stackable-image stk-block-image stk-block stk-f20f258\" data-block-id=\"f20f258\"><figure class=\"stk-img-wrapper stk-image--shape-stretch\"><img loading=\"lazy\" class=\"stk-img wp-image-894\" src=\"https:\/\/www.ggs-erlenweg.de\/wp-content\/uploads\/2022\/07\/Karnevalstueten.jpg\" width=\"1063\" height=\"279\" srcset=\"https:\/\/fortests.de\/wp-content\/uploads\/2022\/07\/Karnevalstueten.jpg 1063w, https:\/\/fortests.de\/wp-content\/uploads\/2022\/07\/Karnevalstueten-300x79.jpg 300w, https:\/\/fortests.de\/wp-content\/uploads\/2022\/07\/Karnevalstueten-1024x269.jpg 1024w, https:\/\/fortests.de\/wp-content\/uploads\/2022\/07\/Karnevalstueten-768x202.jpg 768w\" sizes=\"(max-width: 1063px) 100vw, 1063px\" \/><\/figure><\/div>\n\n\n\n<div class=\"wp-block-stackable-separator alignfull stk-block-separator stk--no-padding stk-block stk-bf9f962\" data-block-id=\"bf9f962\"><style>.stk-bf9f962{transform:scaleY(-1) !important}.stk-bf9f962 .stk-block-separator__inner{height:134px !important}<\/style><div class=\"stk-block-separator__inner\"><svg xmlns=\"http:\/\/www.w3.org\/2000\/svg\" viewBox=\"0 0 1600 200\" class=\"stk-separator__layer-1\" preserveAspectRatio=\"none\" aria-hidden=\"true\"><path class=\"wave-1_svg__st2\" d=\"M1341.4 48.9c-182.4 0-254.2 80.4-429.4 80.4-117.8 0-209.7-67.5-393.5-67.5-142.2 0-212.6 38.8-324.6 38.8S-10 64.7-10 64.7V210h1620V102c-110.6-40.2-181-53.1-268.6-53.1z\"><\/path><\/svg><\/div><\/div>\n\n\n\n<div class=\"wp-block-stackable-image stk-block-image stk-block stk-213151d\" data-block-id=\"213151d\"><figure class=\"stk-img-wrapper stk-image--shape-stretch\"><img loading=\"lazy\" class=\"stk-img wp-image-895\" src=\"https:\/\/www.ggs-erlenweg.de\/wp-content\/uploads\/2022\/07\/Karnevalsmasken.jpg\" width=\"981\" height=\"665\" srcset=\"https:\/\/fortests.de\/wp-content\/uploads\/2022\/07\/Karnevalsmasken.jpg 981w, https:\/\/fortests.de\/wp-content\/uploads\/2022\/07\/Karnevalsmasken-300x203.jpg 300w, https:\/\/fortests.de\/wp-content\/uploads\/2022\/07\/Karnevalsmasken-768x521.jpg 768w\" sizes=\"(max-width: 981px) 100vw, 981px\" \/><\/figure><\/div>\n\n\n\n<div class=\"wp-block-stackable-heading stk-block-heading stk-block stk-845dd32\" id=\"basteln-fur-einen-guten-zweck\" data-block-id=\"845dd32\"><style>@media screen and (max-width:767px){.stk-845dd32 .stk-block-heading__text{font-size:21px !important}}<\/style><h2 class=\"stk-block-heading__text\">Basteln f\u00fcr einen guten Zweck<\/h2><\/div>\n\n\n\n<div class=\"wp-block-media-text alignwide is-stacked-on-mobile\"><figure class=\"wp-block-media-text__media\"><img loading=\"lazy\" width=\"571\" height=\"360\" src=\"https:\/\/www.ggs-erlenweg.de\/wp-content\/uploads\/2022\/07\/BastelnSenioren.jpg\" alt=\"\" class=\"wp-image-896 size-full\" srcset=\"https:\/\/fortests.de\/wp-content\/uploads\/2022\/07\/BastelnSenioren.jpg 571w, https:\/\/fortests.de\/wp-content\/uploads\/2022\/07\/BastelnSenioren-300x189.jpg 300w\" sizes=\"(max-width: 571px) 100vw, 571px\" \/><\/figure><div class=\"wp-block-media-text__content\">\n<div class=\"wp-block-stackable-text stk-block-text stk-block stk-ea75b5d\" data-block-id=\"ea75b5d\"><style>.stk-ea75b5d .stk-block-text__text{line-height:3em !important}<\/style><p class=\"stk-block-text__text\">Um den Bewohnerinnen und Bewohnern eines Seniorenheims eine Freude zu bereiten, haben die Pandas flei\u00dfig Weihnachtsdekoration gebastelt.<\/p><\/div>\n<\/div><\/div>\n\n\n\n<div class=\"wp-block-stackable-heading stk-block-heading stk-block stk-c66d40a\" id=\"herbstferien-2020\" data-block-id=\"c66d40a\"><style>@media screen and (max-width:767px){.stk-c66d40a .stk-block-heading__text{font-size:21px !important}}<\/style><h2 class=\"stk-block-heading__text\">Herbstferien 2020<\/h2><\/div>\n\n\n\n<div class=\"wp-block-stackable-image stk-block-image stk-block stk-37ad216\" data-block-id=\"37ad216\"><figure class=\"stk-img-wrapper stk-image--shape-stretch\"><img loading=\"lazy\" class=\"stk-img wp-image-899\" src=\"https:\/\/www.ggs-erlenweg.de\/wp-content\/uploads\/2022\/07\/Herbstferien2020.jpg\" width=\"765\" height=\"508\" srcset=\"https:\/\/fortests.de\/wp-content\/uploads\/2022\/07\/Herbstferien2020.jpg 765w, https:\/\/fortests.de\/wp-content\/uploads\/2022\/07\/Herbstferien2020-300x199.jpg 300w\" sizes=\"(max-width: 765px) 100vw, 765px\" \/><\/figure><\/div>\n\n\n\n<div class=\"wp-block-stackable-heading stk-block-heading stk-block stk-39995d9\" id=\"ogts-unter-corona-bedingungen\" data-block-id=\"39995d9\"><style>@media screen and (max-width:767px){.stk-39995d9 .stk-block-heading__text{font-size:21px !important}}<\/style><h2 class=\"stk-block-heading__text has-text-align-center\">OGTS unter Corona-Bedingungen<\/h2><\/div>\n\n\n\n<div class=\"wp-block-stackable-text stk-block-text stk-block stk-5680de5\" data-block-id=\"5680de5\"><p class=\"stk-block-text__text\">Ab M\u00e4rz 2020 wurde auch der Alltag der OGTS auf den Kopf gestellt:<\/p><\/div>\n\n\n\n<div class=\"wp-block-stackable-text stk-block-text stk-block stk-305a83e\" data-block-id=\"305a83e\"><p class=\"stk-block-text__text\">Mit dem Packen von Obst- und Gem\u00fcset\u00fcten sowie Briefen mit kleinen Aufmunterungen f\u00fcr die Kinder, kontaktlosem Spielen auf dem Hof, Basteln zum Vatertag und Telefonaten oder Besuchen vor der Wohnungst\u00fcre hat das Team vom Erlenweg unsere Kinder begleitet.<\/p><\/div>\n\n\n\n<figure class=\"wp-container-2 wp-block-gallery-1 wp-block-gallery has-nested-images columns-default is-cropped\">\n<figure class=\"wp-block-image size-large is-style-rounded\"><img loading=\"lazy\" width=\"150\" height=\"150\" data-id=\"903\"  src=\"https:\/\/www.ggs-erlenweg.de\/wp-content\/uploads\/2022\/07\/bastelnvatertag2020-150x150.jpg\" alt=\"\" class=\"wp-image-903\"\/><\/figure>\n\n\n\n<figure class=\"wp-block-image size-large is-style-rounded\"><img loading=\"lazy\" width=\"254\" height=\"320\" data-id=\"904\"  src=\"https:\/\/www.ggs-erlenweg.de\/wp-content\/uploads\/2022\/07\/kontaktlosesspieldrachen.jpg\" alt=\"\" class=\"wp-image-904\" srcset=\"https:\/\/fortests.de\/wp-content\/uploads\/2022\/07\/kontaktlosesspieldrachen.jpg 254w, https:\/\/fortests.de\/wp-content\/uploads\/2022\/07\/kontaktlosesspieldrachen-238x300.jpg 238w\" sizes=\"(max-width: 254px) 100vw, 254px\" \/><\/figure>\n\n\n\n<figure class=\"wp-block-image size-large is-style-rounded\"><img loading=\"lazy\" width=\"150\" height=\"150\" data-id=\"905\"  src=\"https:\/\/www.ggs-erlenweg.de\/wp-content\/uploads\/2022\/07\/obst-150x150.jpg\" alt=\"\" class=\"wp-image-905\" srcset=\"https:\/\/fortests.de\/wp-content\/uploads\/2022\/07\/obst-150x150.jpg 150w, https:\/\/fortests.de\/wp-content\/uploads\/2022\/07\/obst-300x300.jpg 300w, https:\/\/fortests.de\/wp-content\/uploads\/2022\/07\/obst-1024x1024.jpg 1024w, https:\/\/fortests.de\/wp-content\/uploads\/2022\/07\/obst-768x768.jpg 768w, https:\/\/fortests.de\/wp-content\/uploads\/2022\/07\/obst-1536x1536.jpg 1536w, https:\/\/fortests.de\/wp-content\/uploads\/2022\/07\/obst.jpg 1632w\" sizes=\"(max-width: 150px) 100vw, 150px\" \/><\/figure>\n<\/figure>\n\n\n\n<div class=\"wp-block-stackable-heading stk-block-heading stk-block stk-84d1823\" id=\"projekt-der-garten-ag-zur-gestaltung-insektenfreundlicher-kleingarten\" data-block-id=\"84d1823\"><style>@media screen and (max-width:767px){.stk-84d1823 .stk-block-heading__text{font-size:21px !important}}<\/style><h2 class=\"stk-block-heading__text has-text-align-center\">Projekt der Garten-AG zur Gestaltung insektenfreundlicher Kleing\u00e4rten<\/h2><\/div>\n\n\n\n<div class=\"wp-block-media-text alignwide is-stacked-on-mobile\"><figure class=\"wp-block-media-text__media\"><img loading=\"lazy\" width=\"1024\" height=\"682\" src=\"https:\/\/www.ggs-erlenweg.de\/wp-content\/uploads\/2022\/07\/Intektenhotel-1024x682.jpg\" alt=\"\" class=\"wp-image-908 size-full\" srcset=\"https:\/\/fortests.de\/wp-content\/uploads\/2022\/07\/Intektenhotel-1024x682.jpg 1024w, https:\/\/fortests.de\/wp-content\/uploads\/2022\/07\/Intektenhotel-300x200.jpg 300w, https:\/\/fortests.de\/wp-content\/uploads\/2022\/07\/Intektenhotel-768x511.jpg 768w, https:\/\/fortests.de\/wp-content\/uploads\/2022\/07\/Intektenhotel-1536x1022.jpg 1536w, https:\/\/fortests.de\/wp-content\/uploads\/2022\/07\/Intektenhotel-2048x1363.jpg 2048w\" sizes=\"(max-width: 1024px) 100vw, 1024px\" \/><\/figure><div class=\"wp-block-media-text__content\">\n<div class=\"wp-block-stackable-text stk-block-text stk-block stk-6d46868\" data-block-id=\"6d46868\"><p class=\"stk-block-text__text\">Die Kinder unserer Garten-AG betreuen ein Insektenhotel auf dem nahegelegenen Gel\u00e4nde des Kleing\u00e4rtnervereins Alt Bickendorf e.V. Gemeinsam mit Herrn Kaufmann und Herrn Schneider, Vorsitzende des Schrebergartens, wird besprochen, welche Insekten welche \u201eZimmer\u201c ben\u00f6tigen und wie sie hergestellt werden. Das untere Beispiel zeigt einen Unterschlupf f\u00fcr Bienen.<\/p><\/div>\n<\/div><\/div>\n\n\n\n<div class=\"wp-block-stackable-separator alignfull stk-block-separator stk--no-padding stk-block stk-231c9f0\" data-block-id=\"231c9f0\"><style>.stk-231c9f0 .stk-block-separator__inner{height:87px !important}<\/style><div class=\"stk-block-separator__inner\"><svg xmlns=\"http:\/\/www.w3.org\/2000\/svg\" viewBox=\"0 0 1600 200\" class=\"stk-separator__layer-1\" preserveAspectRatio=\"none\" aria-hidden=\"true\"><path class=\"wave-1_svg__st2\" d=\"M1341.4 48.9c-182.4 0-254.2 80.4-429.4 80.4-117.8 0-209.7-67.5-393.5-67.5-142.2 0-212.6 38.8-324.6 38.8S-10 64.7-10 64.7V210h1620V102c-110.6-40.2-181-53.1-268.6-53.1z\"><\/path><\/svg><\/div><\/div>\n\n\n\n<div class=\"wp-container-5 wp-block-columns\">\n<div class=\"wp-container-3 wp-block-column\" style=\"flex-basis:20%\">\n<div class=\"wp-block-stackable-heading stk-block-heading stk-block stk-b143b2b\" id=\"wieso-eigentlich\" data-block-id=\"b143b2b\"><style>.stk-b143b2b .stk-block-heading__text{font-size:19px !important}@media screen and (max-width:1023px){.stk-b143b2b .stk-block-heading__text{font-size:19px !important}}<\/style><h3 class=\"stk-block-heading__text\">Wieso eigentlich?<\/h3><\/div>\n\n\n\n<div class=\"wp-block-stackable-image stk-block-image stk-block stk-28e6bb5\" data-block-id=\"28e6bb5\"><figure class=\"stk-img-wrapper stk-image--shape-stretch\"><img loading=\"lazy\" class=\"stk-img wp-image-912\" src=\"https:\/\/www.ggs-erlenweg.de\/wp-content\/uploads\/2022\/07\/Insektenhotel_-_Bau2.jpg\" width=\"1200\" height=\"1600\" srcset=\"https:\/\/fortests.de\/wp-content\/uploads\/2022\/07\/Insektenhotel_-_Bau2.jpg 1200w, https:\/\/fortests.de\/wp-content\/uploads\/2022\/07\/Insektenhotel_-_Bau2-225x300.jpg 225w, https:\/\/fortests.de\/wp-content\/uploads\/2022\/07\/Insektenhotel_-_Bau2-768x1024.jpg 768w, https:\/\/fortests.de\/wp-content\/uploads\/2022\/07\/Insektenhotel_-_Bau2-1152x1536.jpg 1152w\" sizes=\"(max-width: 1200px) 100vw, 1200px\" \/><\/figure><\/div>\n<\/div>\n\n\n\n<div class=\"wp-container-4 wp-block-column\" style=\"flex-basis:80%\">\n<div class=\"wp-block-media-text alignwide has-media-on-the-right is-stacked-on-mobile\" style=\"grid-template-columns:auto 51%\"><figure class=\"wp-block-media-text__media\"><img loading=\"lazy\" width=\"1024\" height=\"576\" src=\"https:\/\/www.ggs-erlenweg.de\/wp-content\/uploads\/2022\/07\/Insektenhotel_-_Bau-1024x576.jpg\" alt=\"\" class=\"wp-image-909 size-full\" srcset=\"https:\/\/fortests.de\/wp-content\/uploads\/2022\/07\/Insektenhotel_-_Bau-1024x576.jpg 1024w, https:\/\/fortests.de\/wp-content\/uploads\/2022\/07\/Insektenhotel_-_Bau-300x169.jpg 300w, https:\/\/fortests.de\/wp-content\/uploads\/2022\/07\/Insektenhotel_-_Bau-768x432.jpg 768w, https:\/\/fortests.de\/wp-content\/uploads\/2022\/07\/Insektenhotel_-_Bau.jpg 1328w\" sizes=\"(max-width: 1024px) 100vw, 1024px\" \/><\/figure><div class=\"wp-block-media-text__content\">\n<div class=\"wp-block-stackable-text stk-block-text stk-block stk-1af7ead\" data-block-id=\"1af7ead\"><style>.stk-1af7ead{column-count:1 !important;column-gap:0px !important}<\/style><p class=\"stk-block-text__text\">Da die von uns Menschen ver\u00e4nderte Umwelt den heimischen Insekten keine guten Lebensbedingungen mehr liefert, brauchen sie k\u00fcnstlich hergestellte Nist- und \u00dcberwinterungshilfen. Dadurch haben beispielsweise Bienen, K\u00e4fer, Schmetterlinge und Wespen die M\u00f6glichkeit ihren Fortbestand zu sichern. Die \u00f6kologische Vielfalt wird dabei sowohl direkt, als auch indirekt positiv beeinflusst: die Vielfalt der Insekten steigt an und durch deren Best\u00e4ubung auch die der Pflanzenwelt.<\/p><\/div>\n<\/div><\/div>\n<\/div>\n<\/div>\n\n\n\n<div class=\"wp-block-stackable-heading stk-block-heading stk-block stk-86b01ac\" id=\"2018-und-fruher\" data-block-id=\"86b01ac\"><h2 class=\"stk-block-heading__text has-text-align-center\">2018 und fr\u00fcher<\/h2><\/div>\n\n\n\n<figure class=\"wp-container-7 wp-block-gallery-6 wp-block-gallery has-nested-images columns-default is-cropped\">\n<figure class=\"wp-block-image size-large\"><img loading=\"lazy\" width=\"1024\" height=\"220\" data-id=\"915\"  src=\"https:\/\/www.ggs-erlenweg.de\/wp-content\/uploads\/2022\/07\/Advent_2018-1024x220.jpg\" alt=\"\" class=\"wp-image-915\" srcset=\"https:\/\/fortests.de\/wp-content\/uploads\/2022\/07\/Advent_2018-1024x220.jpg 1024w, https:\/\/fortests.de\/wp-content\/uploads\/2022\/07\/Advent_2018-300x65.jpg 300w, https:\/\/fortests.de\/wp-content\/uploads\/2022\/07\/Advent_2018-768x165.jpg 768w, https:\/\/fortests.de\/wp-content\/uploads\/2022\/07\/Advent_2018-1536x330.jpg 1536w, https:\/\/fortests.de\/wp-content\/uploads\/2022\/07\/Advent_2018-2048x440.jpg 2048w\" sizes=\"(max-width: 1024px) 100vw, 1024px\" \/><\/figure>\n\n\n\n<figure class=\"wp-block-image size-large\"><img loading=\"lazy\" width=\"1024\" height=\"768\" data-id=\"923\"  src=\"https:\/\/www.ggs-erlenweg.de\/wp-content\/uploads\/2022\/07\/Der_Regenbogenfisch__1_-1024x768.jpg\" alt=\"\" class=\"wp-image-923\" srcset=\"https:\/\/fortests.de\/wp-content\/uploads\/2022\/07\/Der_Regenbogenfisch__1_-1024x768.jpg 1024w, https:\/\/fortests.de\/wp-content\/uploads\/2022\/07\/Der_Regenbogenfisch__1_-300x225.jpg 300w, https:\/\/fortests.de\/wp-content\/uploads\/2022\/07\/Der_Regenbogenfisch__1_-768x576.jpg 768w, https:\/\/fortests.de\/wp-content\/uploads\/2022\/07\/Der_Regenbogenfisch__1_-1536x1152.jpg 1536w, https:\/\/fortests.de\/wp-content\/uploads\/2022\/07\/Der_Regenbogenfisch__1_.jpg 1632w\" sizes=\"(max-width: 1024px) 100vw, 1024px\" \/><\/figure>\n\n\n\n<figure class=\"wp-block-image size-large\"><img loading=\"lazy\" width=\"1024\" height=\"768\" data-id=\"922\"  src=\"https:\/\/www.ggs-erlenweg.de\/wp-content\/uploads\/2022\/07\/Der_Regenbogenfisch__2_-1024x768.jpg\" alt=\"\" class=\"wp-image-922\" srcset=\"https:\/\/fortests.de\/wp-content\/uploads\/2022\/07\/Der_Regenbogenfisch__2_-1024x768.jpg 1024w, https:\/\/fortests.de\/wp-content\/uploads\/2022\/07\/Der_Regenbogenfisch__2_-300x225.jpg 300w, https:\/\/fortests.de\/wp-content\/uploads\/2022\/07\/Der_Regenbogenfisch__2_-768x576.jpg 768w, https:\/\/fortests.de\/wp-content\/uploads\/2022\/07\/Der_Regenbogenfisch__2_-1536x1152.jpg 1536w, https:\/\/fortests.de\/wp-content\/uploads\/2022\/07\/Der_Regenbogenfisch__2_.jpg 1632w\" sizes=\"(max-width: 1024px) 100vw, 1024px\" \/><\/figure>\n\n\n\n<figure class=\"wp-block-image size-large\"><img loading=\"lazy\" width=\"1024\" height=\"677\" data-id=\"924\"  src=\"https:\/\/www.ggs-erlenweg.de\/wp-content\/uploads\/2022\/07\/Der_Regenbogenfisch__3_-1024x677.jpg\" alt=\"\" class=\"wp-image-924\" srcset=\"https:\/\/fortests.de\/wp-content\/uploads\/2022\/07\/Der_Regenbogenfisch__3_-1024x677.jpg 1024w, https:\/\/fortests.de\/wp-content\/uploads\/2022\/07\/Der_Regenbogenfisch__3_-300x198.jpg 300w, https:\/\/fortests.de\/wp-content\/uploads\/2022\/07\/Der_Regenbogenfisch__3_-768x508.jpg 768w, https:\/\/fortests.de\/wp-content\/uploads\/2022\/07\/Der_Regenbogenfisch__3_-1536x1015.jpg 1536w, https:\/\/fortests.de\/wp-content\/uploads\/2022\/07\/Der_Regenbogenfisch__3_-2048x1354.jpg 2048w\" sizes=\"(max-width: 1024px) 100vw, 1024px\" \/><\/figure>\n\n\n\n<figure class=\"wp-block-image size-large\"><img loading=\"lazy\" width=\"1024\" height=\"768\" data-id=\"917\"  src=\"https:\/\/www.ggs-erlenweg.de\/wp-content\/uploads\/2022\/07\/Garten_alle-1024x768.jpg\" alt=\"\" class=\"wp-image-917\" srcset=\"https:\/\/fortests.de\/wp-content\/uploads\/2022\/07\/Garten_alle-1024x768.jpg 1024w, https:\/\/fortests.de\/wp-content\/uploads\/2022\/07\/Garten_alle-300x225.jpg 300w, https:\/\/fortests.de\/wp-content\/uploads\/2022\/07\/Garten_alle-768x576.jpg 768w, https:\/\/fortests.de\/wp-content\/uploads\/2022\/07\/Garten_alle.jpg 1280w\" sizes=\"(max-width: 1024px) 100vw, 1024px\" \/><\/figure>\n\n\n\n<figure class=\"wp-block-image size-large\"><img loading=\"lazy\" width=\"732\" height=\"1024\" data-id=\"925\"  src=\"https:\/\/www.ggs-erlenweg.de\/wp-content\/uploads\/2022\/07\/Garten_Blumenbeet-1-732x1024.jpg\" alt=\"\" class=\"wp-image-925\" srcset=\"https:\/\/fortests.de\/wp-content\/uploads\/2022\/07\/Garten_Blumenbeet-1-732x1024.jpg 732w, https:\/\/fortests.de\/wp-content\/uploads\/2022\/07\/Garten_Blumenbeet-1-214x300.jpg 214w, https:\/\/fortests.de\/wp-content\/uploads\/2022\/07\/Garten_Blumenbeet-1-768x1074.jpg 768w, https:\/\/fortests.de\/wp-content\/uploads\/2022\/07\/Garten_Blumenbeet-1-1098x1536.jpg 1098w, https:\/\/fortests.de\/wp-content\/uploads\/2022\/07\/Garten_Blumenbeet-1-1464x2048.jpg 1464w, https:\/\/fortests.de\/wp-content\/uploads\/2022\/07\/Garten_Blumenbeet-1-scaled.jpg 1830w\" sizes=\"(max-width: 732px) 100vw, 732px\" \/><\/figure>\n\n\n\n<figure class=\"wp-block-image size-large\"><img loading=\"lazy\" width=\"732\" height=\"1024\" data-id=\"926\"  src=\"https:\/\/www.ggs-erlenweg.de\/wp-content\/uploads\/2022\/07\/Garten_Blumenbeet-732x1024.jpg\" alt=\"\" class=\"wp-image-926\" srcset=\"https:\/\/fortests.de\/wp-content\/uploads\/2022\/07\/Garten_Blumenbeet-732x1024.jpg 732w, https:\/\/fortests.de\/wp-content\/uploads\/2022\/07\/Garten_Blumenbeet-214x300.jpg 214w, https:\/\/fortests.de\/wp-content\/uploads\/2022\/07\/Garten_Blumenbeet-768x1074.jpg 768w, https:\/\/fortests.de\/wp-content\/uploads\/2022\/07\/Garten_Blumenbeet-1098x1536.jpg 1098w, https:\/\/fortests.de\/wp-content\/uploads\/2022\/07\/Garten_Blumenbeet-1464x2048.jpg 1464w, https:\/\/fortests.de\/wp-content\/uploads\/2022\/07\/Garten_Blumenbeet-scaled.jpg 1830w\" sizes=\"(max-width: 732px) 100vw, 732px\" \/><\/figure>\n\n\n\n<figure class=\"wp-block-image size-large\"><img loading=\"lazy\" width=\"768\" height=\"1024\" data-id=\"921\"  src=\"https:\/\/www.ggs-erlenweg.de\/wp-content\/uploads\/2022\/07\/Garten_Material-768x1024.jpg\" alt=\"\" class=\"wp-image-921\" srcset=\"https:\/\/fortests.de\/wp-content\/uploads\/2022\/07\/Garten_Material-768x1024.jpg 768w, https:\/\/fortests.de\/wp-content\/uploads\/2022\/07\/Garten_Material-225x300.jpg 225w, https:\/\/fortests.de\/wp-content\/uploads\/2022\/07\/Garten_Material.jpg 960w\" sizes=\"(max-width: 768px) 100vw, 768px\" \/><\/figure>\n\n\n\n<figure class=\"wp-block-image size-large\"><img loading=\"lazy\" width=\"768\" height=\"1024\" data-id=\"918\"  src=\"https:\/\/www.ggs-erlenweg.de\/wp-content\/uploads\/2022\/07\/Garten_Neues_Hochbeet-768x1024.jpg\" alt=\"\" class=\"wp-image-918\" srcset=\"https:\/\/fortests.de\/wp-content\/uploads\/2022\/07\/Garten_Neues_Hochbeet-768x1024.jpg 768w, https:\/\/fortests.de\/wp-content\/uploads\/2022\/07\/Garten_Neues_Hochbeet-225x300.jpg 225w, https:\/\/fortests.de\/wp-content\/uploads\/2022\/07\/Garten_Neues_Hochbeet.jpg 960w\" sizes=\"(max-width: 768px) 100vw, 768px\" \/><\/figure>\n\n\n\n<figure class=\"wp-block-image size-large\"><img loading=\"lazy\" width=\"708\" height=\"808\" data-id=\"919\"  src=\"https:\/\/www.ggs-erlenweg.de\/wp-content\/uploads\/2022\/07\/Garten_zusammen.jpg\" alt=\"\" class=\"wp-image-919\" srcset=\"https:\/\/fortests.de\/wp-content\/uploads\/2022\/07\/Garten_zusammen.jpg 708w, https:\/\/fortests.de\/wp-content\/uploads\/2022\/07\/Garten_zusammen-263x300.jpg 263w\" sizes=\"(max-width: 708px) 100vw, 708px\" \/><\/figure>\n\n\n\n<figure class=\"wp-block-image size-large\"><img loading=\"lazy\" width=\"765\" height=\"234\" data-id=\"914\"  src=\"https:\/\/www.ggs-erlenweg.de\/wp-content\/uploads\/2022\/07\/Herbstferien_2018__4_.jpg\" alt=\"\" class=\"wp-image-914\" srcset=\"https:\/\/fortests.de\/wp-content\/uploads\/2022\/07\/Herbstferien_2018__4_.jpg 765w, https:\/\/fortests.de\/wp-content\/uploads\/2022\/07\/Herbstferien_2018__4_-300x92.jpg 300w\" sizes=\"(max-width: 765px) 100vw, 765px\" \/><\/figure>\n\n\n\n<figure class=\"wp-block-image size-large\"><img loading=\"lazy\" width=\"1024\" height=\"588\" data-id=\"920\"  src=\"https:\/\/www.ggs-erlenweg.de\/wp-content\/uploads\/2022\/07\/Herbstferien_2018__7_-1024x588.jpg\" alt=\"\" class=\"wp-image-920\" srcset=\"https:\/\/fortests.de\/wp-content\/uploads\/2022\/07\/Herbstferien_2018__7_-1024x588.jpg 1024w, https:\/\/fortests.de\/wp-content\/uploads\/2022\/07\/Herbstferien_2018__7_-300x172.jpg 300w, https:\/\/fortests.de\/wp-content\/uploads\/2022\/07\/Herbstferien_2018__7_-768x441.jpg 768w, https:\/\/fortests.de\/wp-content\/uploads\/2022\/07\/Herbstferien_2018__7_.jpg 1056w\" sizes=\"(max-width: 1024px) 100vw, 1024px\" \/><\/figure>\n\n\n\n<figure class=\"wp-block-image size-large\"><img loading=\"lazy\" width=\"1024\" height=\"576\" data-id=\"916\"  src=\"https:\/\/www.ggs-erlenweg.de\/wp-content\/uploads\/2022\/07\/Muschelglaeser-1024x576.jpg\" alt=\"\" class=\"wp-image-916\" srcset=\"https:\/\/fortests.de\/wp-content\/uploads\/2022\/07\/Muschelglaeser-1024x576.jpg 1024w, https:\/\/fortests.de\/wp-content\/uploads\/2022\/07\/Muschelglaeser-300x169.jpg 300w, https:\/\/fortests.de\/wp-content\/uploads\/2022\/07\/Muschelglaeser-768x432.jpg 768w, https:\/\/fortests.de\/wp-content\/uploads\/2022\/07\/Muschelglaeser.jpg 1328w\" sizes=\"(max-width: 1024px) 100vw, 1024px\" \/><\/figure>\n\n\n\n<figure class=\"wp-block-image size-large\"><img loading=\"lazy\" width=\"1024\" height=\"319\" data-id=\"927\"  src=\"https:\/\/www.ggs-erlenweg.de\/wp-content\/uploads\/2022\/07\/Sommer_Tische-1024x319.jpg\" alt=\"\" class=\"wp-image-927\" srcset=\"https:\/\/fortests.de\/wp-content\/uploads\/2022\/07\/Sommer_Tische-1024x319.jpg 1024w, https:\/\/fortests.de\/wp-content\/uploads\/2022\/07\/Sommer_Tische-300x93.jpg 300w, https:\/\/fortests.de\/wp-content\/uploads\/2022\/07\/Sommer_Tische-768x239.jpg 768w, https:\/\/fortests.de\/wp-content\/uploads\/2022\/07\/Sommer_Tische-1536x478.jpg 1536w, https:\/\/fortests.de\/wp-content\/uploads\/2022\/07\/Sommer_Tische-2048x637.jpg 2048w\" sizes=\"(max-width: 1024px) 100vw, 1024px\" \/><\/figure>\n<\/figure>\n","protected":false},"excerpt":{"rendered":"<p>Karneval im Lockdown Basteln f\u00fcr einen guten Zweck Herbstferien 2020 OGTS unter Corona-Bedingungen Ab M\u00e4rz 2020 wurde auch der Alltag der OGTS auf den Kopf gestellt: Mit dem Packen von Obst- und Gem\u00fcset\u00fcten sowie Briefen mit kleinen Aufmunterungen f\u00fcr die Kinder, kontaktlosem Spielen auf dem Hof, Basteln zum Vatertag und Telefonaten oder Besuchen vor der Wohnungst\u00fcre hat das Team vom Erlenweg unsere Kinder begleitet. Projekt der Garten-AG zur Gestaltung insektenfreundlicher Kleing\u00e4rten Wieso eigentlich? Da die von uns Menschen ver\u00e4nderte Umwelt den heimischen Insekten keine guten Lebensbedingungen mehr liefert, brauchen sie k\u00fcnstlich hergestellte Nist- und \u00dcberwinterungshilfen. Dadurch haben beispielsweise Bienen, K\u00e4fer,\u2026<\/p>\n","protected":false},"author":2,"featured_media":0,"parent":0,"menu_order":0,"comment_status":"closed","ping_status":"closed","template":"","meta":[],"blocksy_meta":{"styles_descriptor":{"styles":{"desktop":"","tablet":"","mobile":""},"google_fonts":[],"version":5}},"featured_image_urls":{"full":"","thumbnail":"","medium":"","medium_large":"","large":"","1536x1536":"","2048x2048":""},"post_excerpt_stackable":"<p>Karneval im Lockdown Basteln f\u00fcr einen guten Zweck Um den Bewohnerinnen und Bewohnern eines Seniorenheims eine Freude zu bereiten, haben die Pandas flei\u00dfig Weihnachtsdekoration gebastelt. Herbstferien 2020 OGTS unter Corona-Bedingungen Ab M\u00e4rz 2020 wurde auch der Alltag der OGTS auf den Kopf gestellt: Mit dem Packen von Obst- und Gem\u00fcset\u00fcten sowie Briefen mit kleinen Aufmunterungen f\u00fcr die Kinder, kontaktlosem Spielen auf dem Hof, Basteln zum Vatertag und Telefonaten oder Besuchen vor der Wohnungst\u00fcre hat das Team vom Erlenweg unsere Kinder begleitet. Projekt der Garten-AG zur Gestaltung insektenfreundlicher Kleing\u00e4rten Die Kinder unserer Garten-AG betreuen ein Insektenhotel auf dem nahegelegenen Gel\u00e4nde des&hellip;<\/p>\n","category_list":"","author_info":{"name":"FB","url":"https:\/\/fortests.de\/index.php\/author\/fexxes\/"},"comments_num":"0 comments","featured_image_urls_v2":{"full":"","thumbnail":"","medium":"","medium_large":"","large":"","1536x1536":"","2048x2048":""},"post_excerpt_stackable_v2":"<p>Karneval im Lockdown Basteln f\u00fcr einen guten Zweck Um den Bewohnerinnen und Bewohnern eines Seniorenheims eine Freude zu bereiten, haben die Pandas flei\u00dfig Weihnachtsdekoration gebastelt. Herbstferien 2020 OGTS unter Corona-Bedingungen Ab M\u00e4rz 2020 wurde auch der Alltag der OGTS auf den Kopf gestellt: Mit dem Packen von Obst- und Gem\u00fcset\u00fcten sowie Briefen mit kleinen Aufmunterungen f\u00fcr die Kinder, kontaktlosem Spielen auf dem Hof, Basteln zum Vatertag und Telefonaten oder Besuchen vor der Wohnungst\u00fcre hat das Team vom Erlenweg unsere Kinder begleitet. Projekt der Garten-AG zur Gestaltung insektenfreundlicher Kleing\u00e4rten Die Kinder unserer Garten-AG betreuen ein Insektenhotel auf dem nahegelegenen Gel\u00e4nde des&hellip;<\/p>\n","category_list_v2":"","author_info_v2":{"name":"FB","url":"https:\/\/fortests.de\/index.php\/author\/fexxes\/"},"comments_num_v2":"0 comments","_links":{"self":[{"href":"https:\/\/fortests.de\/index.php\/wp-json\/wp\/v2\/pages\/893"}],"collection":[{"href":"https:\/\/fortests.de\/index.php\/wp-json\/wp\/v2\/pages"}],"about":[{"href":"https:\/\/fortests.de\/index.php\/wp-json\/wp\/v2\/types\/page"}],"author":[{"embeddable":true,"href":"https:\/\/fortests.de\/index.php\/wp-json\/wp\/v2\/users\/2"}],"replies":[{"embeddable":true,"href":"https:\/\/fortests.de\/index.php\/wp-json\/wp\/v2\/comments?post=893"}],"version-history":[{"count":9,"href":"https:\/\/fortests.de\/index.php\/wp-json\/wp\/v2\/pages\/893\/revisions"}],"predecessor-version":[{"id":928,"href":"https:\/\/fortests.de\/index.php\/wp-json\/wp\/v2\/pages\/893\/revisions\/928"}],"wp:attachment":[{"href":"https:\/\/fortests.de\/index.php\/wp-json\/wp\/v2\/media?parent=893"}],"curies":[{"name":"wp","href":"https:\/\/api.w.org\/{rel}","templated":true}]}}