{"id":874,"date":"2022-07-15T20:48:54","date_gmt":"2022-07-15T18:48:54","guid":{"rendered":"https:\/\/www.ggs-erlenweg.de\/?page_id=874"},"modified":"2022-07-15T20:48:54","modified_gmt":"2022-07-15T18:48:54","slug":"mittagessen","status":"publish","type":"page","link":"https:\/\/fortests.de\/index.php\/mittagessen\/","title":{"rendered":"Mittagessen"},"content":{"rendered":"\n<p><\/p>\n\n\n\n<div class=\"wp-block-media-text alignwide is-stacked-on-mobile\"><figure class=\"wp-block-media-text__media\"><img loading=\"lazy\" width=\"1024\" height=\"576\" src=\"https:\/\/www.ggs-erlenweg.de\/wp-content\/uploads\/2022\/07\/Mensa-1024x576.jpg\" alt=\"\" class=\"wp-image-875 size-full\" srcset=\"https:\/\/fortests.de\/wp-content\/uploads\/2022\/07\/Mensa-1024x576.jpg 1024w, https:\/\/fortests.de\/wp-content\/uploads\/2022\/07\/Mensa-300x169.jpg 300w, https:\/\/fortests.de\/wp-content\/uploads\/2022\/07\/Mensa-768x432.jpg 768w, https:\/\/fortests.de\/wp-content\/uploads\/2022\/07\/Mensa.jpg 1280w\" sizes=\"(max-width: 1024px) 100vw, 1024px\" \/><\/figure><div class=\"wp-block-media-text__content\">\n<p>Nach der Schule bekommen die Kinder t\u00e4glich eine warme Mahlzeit, sowie gesunde Snacks f\u00fcr zwischendurch. Wir bieten&nbsp;<strong>kein Schweinefleisch<\/strong>&nbsp;an! Die Sch\u00fclerinnen und Sch\u00fcler essen gemeinsam mit ihrer Gruppe in der Mensa.<\/p>\n\n\n\n<p>Die Kosten f\u00fcr die Verpflegung liegen bei 63,00\u20ac Euro monatlich.<\/p>\n\n\n\n<p>F\u00fcr Empf\u00e4nger von Leistungen nach SGB II und SGB XII sowie Asylbewerber entf\u00e4llt der monatliche Beitrag.<\/p>\n\n\n\n<p>Bei Fragen dazu k\u00f6nnen Sie sich selbstverst\u00e4ndlich bei uns melden!<\/p>\n<\/div><\/div>\n","protected":false},"excerpt":{"rendered":"<p>Nach der Schule bekommen die Kinder t\u00e4glich eine warme Mahlzeit, sowie gesunde Snacks f\u00fcr zwischendurch. Wir bieten&nbsp;kein Schweinefleisch&nbsp;an! Die Sch\u00fclerinnen und Sch\u00fcler essen gemeinsam mit ihrer Gruppe in der Mensa. Die Kosten f\u00fcr die Verpflegung liegen bei 63,00\u20ac Euro monatlich. F\u00fcr Empf\u00e4nger von Leistungen nach SGB II und SGB XII sowie Asylbewerber entf\u00e4llt der monatliche Beitrag. Bei Fragen dazu k\u00f6nnen Sie sich selbstverst\u00e4ndlich bei uns melden!<\/p>\n","protected":false},"author":2,"featured_media":0,"parent":0,"menu_order":0,"comment_status":"closed","ping_status":"closed","template":"","meta":[],"blocksy_meta":{"styles_descriptor":{"styles":{"desktop":"","tablet":"","mobile":""},"google_fonts":[],"version":5}},"featured_image_urls":{"full":"","thumbnail":"","medium":"","medium_large":"","large":"","1536x1536":"","2048x2048":""},"post_excerpt_stackable":"<p>Nach der Schule bekommen die Kinder t\u00e4glich eine warme Mahlzeit, sowie gesunde Snacks f\u00fcr zwischendurch. Wir bieten&nbsp;kein Schweinefleisch&nbsp;an! Die Sch\u00fclerinnen und Sch\u00fcler essen gemeinsam mit ihrer Gruppe in der Mensa. Die Kosten f\u00fcr die Verpflegung liegen bei 63,00\u20ac Euro monatlich. F\u00fcr Empf\u00e4nger von Leistungen nach SGB II und SGB XII sowie Asylbewerber entf\u00e4llt der monatliche Beitrag. Bei Fragen dazu k\u00f6nnen Sie sich selbstverst\u00e4ndlich bei uns melden!<\/p>\n","category_list":"","author_info":{"name":"FB","url":"https:\/\/fortests.de\/index.php\/author\/fexxes\/"},"comments_num":"0 comments","featured_image_urls_v2":{"full":"","thumbnail":"","medium":"","medium_large":"","large":"","1536x1536":"","2048x2048":""},"post_excerpt_stackable_v2":"<p>Nach der Schule bekommen die Kinder t\u00e4glich eine warme Mahlzeit, sowie gesunde Snacks f\u00fcr zwischendurch. Wir bieten&nbsp;kein Schweinefleisch&nbsp;an! Die Sch\u00fclerinnen und Sch\u00fcler essen gemeinsam mit ihrer Gruppe in der Mensa. Die Kosten f\u00fcr die Verpflegung liegen bei 63,00\u20ac Euro monatlich. F\u00fcr Empf\u00e4nger von Leistungen nach SGB II und SGB XII sowie Asylbewerber entf\u00e4llt der monatliche Beitrag. Bei Fragen dazu k\u00f6nnen Sie sich selbstverst\u00e4ndlich bei uns melden!<\/p>\n","category_list_v2":"","author_info_v2":{"name":"FB","url":"https:\/\/fortests.de\/index.php\/author\/fexxes\/"},"comments_num_v2":"0 comments","_links":{"self":[{"href":"https:\/\/fortests.de\/index.php\/wp-json\/wp\/v2\/pages\/874"}],"collection":[{"href":"https:\/\/fortests.de\/index.php\/wp-json\/wp\/v2\/pages"}],"about":[{"href":"https:\/\/fortests.de\/index.php\/wp-json\/wp\/v2\/types\/page"}],"author":[{"embeddable":true,"href":"https:\/\/fortests.de\/index.php\/wp-json\/wp\/v2\/users\/2"}],"replies":[{"embeddable":true,"href":"https:\/\/fortests.de\/index.php\/wp-json\/wp\/v2\/comments?post=874"}],"version-history":[{"count":1,"href":"https:\/\/fortests.de\/index.php\/wp-json\/wp\/v2\/pages\/874\/revisions"}],"predecessor-version":[{"id":876,"href":"https:\/\/fortests.de\/index.php\/wp-json\/wp\/v2\/pages\/874\/revisions\/876"}],"wp:attachment":[{"href":"https:\/\/fortests.de\/index.php\/wp-json\/wp\/v2\/media?parent=874"}],"curies":[{"name":"wp","href":"https:\/\/api.w.org\/{rel}","templated":true}]}}