{"id":867,"date":"2022-07-12T22:33:25","date_gmt":"2022-07-12T20:33:25","guid":{"rendered":"https:\/\/fortests.de\/?page_id=867"},"modified":"2022-07-15T20:57:14","modified_gmt":"2022-07-15T18:57:14","slug":"betreuungs-und-oeffnungszeiten","status":"publish","type":"page","link":"https:\/\/fortests.de\/index.php\/betreuungs-und-oeffnungszeiten\/","title":{"rendered":"Betreuungs- und \u00d6ffnungszeiten"},"content":{"rendered":"\n<div class=\"wp-container-3 wp-block-columns\">\n<div class=\"wp-container-1 wp-block-column\">\n<div class=\"wp-block-stackable-icon-box stk-block-icon-box stk-block stk-246e54f\" data-block-id=\"246e54f\"><div class=\"stk-block-content stk-inner-blocks stk-block-icon-box__content stk-container stk-246e54f-container stk--no-background stk--no-padding\">\n<div class=\"wp-block-stackable-icon-label stk-block-icon-label stk-block stk-1b2f095\" data-block-id=\"1b2f095\"><div class=\"stk-row stk-inner-blocks stk-block-content\">\n<div class=\"wp-block-stackable-icon stk-block-icon has-text-align-left stk-block stk-33a65c9\" data-block-id=\"33a65c9\"><span class=\"stk--svg-wrapper\"><div class=\"stk--inner-svg\"><svg style=\"height:0;width:0\"><defs><linearGradient id=\"linear-gradient-33a65c9\" x1=\"0\" x2=\"100%\" y1=\"0\" y2=\"0\"><stop offset=\"0%\" style=\"stop-opacity:1;stop-color:var(--linear-gradient-33-a-65-c-9-color-1)\"><\/stop><stop offset=\"100%\" style=\"stop-opacity:1;stop-color:var(--linear-gradient-33-a-65-c-9-color-2)\"><\/stop><\/linearGradient><\/defs><\/svg><svg data-prefix=\"fa\" data-icon=\"star\" class=\"svg-inline--fa fa-star fa-w-18\" xmlns=\"http:\/\/www.w3.org\/2000\/svg\" viewBox=\"0 0 576 512\" aria-hidden=\"true\" width=\"32\" height=\"32\"><path fill=\"currentColor\" d=\"M259.3 17.8L194 150.2 47.9 171.5c-26.2 3.8-36.7 36.1-17.7 54.6l105.7 103-25 145.5c-4.5 26.3 23.2 46 46.4 33.7L288 439.6l130.7 68.7c23.2 12.2 50.9-7.4 46.4-33.7l-25-145.5 105.7-103c19-18.5 8.5-50.8-17.7-54.6L382 150.2 316.7 17.8c-11.7-23.6-45.6-23.9-57.4 0z\"><\/path><\/svg><\/div><\/span><\/div>\n\n\n\n<div class=\"wp-block-stackable-heading stk-block-heading stk-block stk-6f6eb82\" id=\"betreuungszeit\" data-block-id=\"6f6eb82\"><h4 class=\"stk-block-heading__text\">Betreuungszeit<\/h4><\/div>\n<\/div><\/div>\n\n\n\n<p>Die Betreuung nach dem Unterricht \u00f6ffnet t\u00e4glich um 12:00 Uhr und endet um 16:00 Uhr.<\/p>\n<\/div><\/div>\n<\/div>\n\n\n\n<div class=\"wp-container-2 wp-block-column\"><\/div>\n<\/div>\n\n\n\n<div class=\"wp-block-stackable-spacer stk-block-spacer stk--no-padding stk-block stk-232e466\" data-block-id=\"232e466\"><\/div>\n\n\n\n<div class=\"wp-container-6 wp-block-columns\">\n<div class=\"wp-container-4 wp-block-column\"><\/div>\n\n\n\n<div class=\"wp-container-5 wp-block-column\">\n<div class=\"wp-block-stackable-icon-box stk-block-icon-box stk-block stk-86c4f52\" data-block-id=\"86c4f52\"><div class=\"stk-block-content stk-inner-blocks stk-block-icon-box__content stk-container stk-86c4f52-container stk--no-background stk--no-padding\">\n<div class=\"wp-block-stackable-icon-label stk-block-icon-label stk-block stk-e98d5a5\" data-block-id=\"e98d5a5\"><div class=\"stk-row stk-inner-blocks stk-block-content\">\n<div class=\"wp-block-stackable-icon stk-block-icon has-text-align-left stk-block stk-6b3f487\" data-block-id=\"6b3f487\"><span class=\"stk--svg-wrapper\"><div class=\"stk--inner-svg\"><svg style=\"height:0;width:0\"><defs><linearGradient id=\"linear-gradient-6b3f487\" x1=\"0\" x2=\"100%\" y1=\"0\" y2=\"0\"><stop offset=\"0%\" style=\"stop-opacity:1;stop-color:var(--linear-gradient-6-b-3-f-487-color-1)\"><\/stop><stop offset=\"100%\" style=\"stop-opacity:1;stop-color:var(--linear-gradient-6-b-3-f-487-color-2)\"><\/stop><\/linearGradient><\/defs><\/svg><svg aria-hidden=\"true\" focusable=\"false\" data-prefix=\"fas\" data-icon=\"info\" class=\"svg-inline--fa fa-info fa-w-6\" xmlns=\"http:\/\/www.w3.org\/2000\/svg\" viewBox=\"0 0 192 512\" width=\"32\" height=\"32\"><path fill=\"currentColor\" d=\"M20 424.229h20V279.771H20c-11.046 0-20-8.954-20-20V212c0-11.046 8.954-20 20-20h112c11.046 0 20 8.954 20 20v212.229h20c11.046 0 20 8.954 20 20V492c0 11.046-8.954 20-20 20H20c-11.046 0-20-8.954-20-20v-47.771c0-11.046 8.954-20 20-20zM96 0C56.235 0 24 32.235 24 72s32.235 72 72 72 72-32.235 72-72S135.764 0 96 0z\"><\/path><\/svg><\/div><\/span><\/div>\n\n\n\n<div class=\"wp-block-stackable-heading stk-block-heading stk-block stk-45ec439\" id=\"ferienbetreuung\" data-block-id=\"45ec439\"><h4 class=\"stk-block-heading__text\">Ferienbetreuung<\/h4><\/div>\n<\/div><\/div>\n\n\n\n<p>Auch in den Schulferien und an beweglichen Ferientagen sind wir f\u00fcr Sie und vor allem f\u00fcr Ihre Kinder da. Wir bieten dann ein Ferienprogramm, an dem die Kinder t\u00e4glich von 8:00 Uhr bis 16:00 Uhr teilnehmen k\u00f6nnen.<\/p>\n\n\n\n<p>W\u00e4hrend dieser Zeit werden Ausfl\u00fcge gemacht und Aktionen durchgef\u00fchrt. Eislaufen, ein Feuerwehrbesuch, Kino oder Zoo \u2013 in den Ferien erleben die Kinder gemeinsam mit uns eine tolle Zeit.<\/p>\n\n\n\n<p class=\"has-text-align-center\"><strong><span style=\"color: #d90f0f;\" class=\"stk-highlight\">Wir fragen Ihren Betreuungsbedarf immer schriftlich ab.<\/span><\/strong><\/p>\n\n\n\n<p class=\"has-text-align-center\"><strong><span style=\"color: #d90f0f;\" class=\"stk-highlight\">Bitte melden Sie Ihre Kinder rechtzeitig an!<\/span><\/strong><\/p>\n<\/div><\/div>\n<\/div>\n<\/div>\n","protected":false},"excerpt":{"rendered":"<p>Betreuungszeit Die Betreuung nach dem Unterricht \u00f6ffnet t\u00e4glich um 12:00 Uhr und endet um 16:00 Uhr. Ferienbetreuung Auch in den Schulferien und an beweglichen Ferientagen sind wir f\u00fcr Sie und vor allem f\u00fcr Ihre Kinder da. Wir bieten dann ein Ferienprogramm, an dem die Kinder t\u00e4glich von 8:00 Uhr bis 16:00 Uhr teilnehmen k\u00f6nnen. W\u00e4hrend dieser Zeit werden Ausfl\u00fcge gemacht und Aktionen durchgef\u00fchrt. Eislaufen, ein Feuerwehrbesuch, Kino oder Zoo \u2013 in den Ferien erleben die Kinder gemeinsam mit uns eine tolle Zeit. Wir fragen Ihren Betreuungsbedarf immer schriftlich ab. Bitte melden Sie Ihre Kinder rechtzeitig an!<\/p>\n","protected":false},"author":2,"featured_media":0,"parent":0,"menu_order":0,"comment_status":"closed","ping_status":"closed","template":"","meta":[],"blocksy_meta":{"styles_descriptor":{"styles":{"desktop":"","tablet":"","mobile":""},"google_fonts":[],"version":5}},"featured_image_urls":{"full":"","thumbnail":"","medium":"","medium_large":"","large":"","1536x1536":"","2048x2048":""},"post_excerpt_stackable":"<p>Betreuungszeit Die Betreuung nach dem Unterricht \u00f6ffnet t\u00e4glich um 12:00 Uhr und endet um 16:00 Uhr. Ferienbetreuung Auch in den Schulferien und an beweglichen Ferientagen sind wir f\u00fcr Sie und vor allem f\u00fcr Ihre Kinder da. Wir bieten dann ein Ferienprogramm, an dem die Kinder t\u00e4glich von 8:00 Uhr bis 16:00 Uhr teilnehmen k\u00f6nnen. W\u00e4hrend dieser Zeit werden Ausfl\u00fcge gemacht und Aktionen durchgef\u00fchrt. Eislaufen, ein Feuerwehrbesuch, Kino oder Zoo \u2013 in den Ferien erleben die Kinder gemeinsam mit uns eine tolle Zeit. Wir fragen Ihren Betreuungsbedarf immer schriftlich ab. Bitte melden Sie Ihre Kinder rechtzeitig an!<\/p>\n","category_list":"","author_info":{"name":"FB","url":"https:\/\/fortests.de\/index.php\/author\/fexxes\/"},"comments_num":"0 comments","featured_image_urls_v2":{"full":"","thumbnail":"","medium":"","medium_large":"","large":"","1536x1536":"","2048x2048":""},"post_excerpt_stackable_v2":"<p>Betreuungszeit Die Betreuung nach dem Unterricht \u00f6ffnet t\u00e4glich um 12:00 Uhr und endet um 16:00 Uhr. Ferienbetreuung Auch in den Schulferien und an beweglichen Ferientagen sind wir f\u00fcr Sie und vor allem f\u00fcr Ihre Kinder da. Wir bieten dann ein Ferienprogramm, an dem die Kinder t\u00e4glich von 8:00 Uhr bis 16:00 Uhr teilnehmen k\u00f6nnen. W\u00e4hrend dieser Zeit werden Ausfl\u00fcge gemacht und Aktionen durchgef\u00fchrt. Eislaufen, ein Feuerwehrbesuch, Kino oder Zoo \u2013 in den Ferien erleben die Kinder gemeinsam mit uns eine tolle Zeit. Wir fragen Ihren Betreuungsbedarf immer schriftlich ab. Bitte melden Sie Ihre Kinder rechtzeitig an!<\/p>\n","category_list_v2":"","author_info_v2":{"name":"FB","url":"https:\/\/fortests.de\/index.php\/author\/fexxes\/"},"comments_num_v2":"0 comments","_links":{"self":[{"href":"https:\/\/fortests.de\/index.php\/wp-json\/wp\/v2\/pages\/867"}],"collection":[{"href":"https:\/\/fortests.de\/index.php\/wp-json\/wp\/v2\/pages"}],"about":[{"href":"https:\/\/fortests.de\/index.php\/wp-json\/wp\/v2\/types\/page"}],"author":[{"embeddable":true,"href":"https:\/\/fortests.de\/index.php\/wp-json\/wp\/v2\/users\/2"}],"replies":[{"embeddable":true,"href":"https:\/\/fortests.de\/index.php\/wp-json\/wp\/v2\/comments?post=867"}],"version-history":[{"count":4,"href":"https:\/\/fortests.de\/index.php\/wp-json\/wp\/v2\/pages\/867\/revisions"}],"predecessor-version":[{"id":882,"href":"https:\/\/fortests.de\/index.php\/wp-json\/wp\/v2\/pages\/867\/revisions\/882"}],"wp:attachment":[{"href":"https:\/\/fortests.de\/index.php\/wp-json\/wp\/v2\/media?parent=867"}],"curies":[{"name":"wp","href":"https:\/\/api.w.org\/{rel}","templated":true}]}}