{"id":657,"date":"2022-04-24T14:24:18","date_gmt":"2022-04-24T12:24:18","guid":{"rendered":"https:\/\/fortests.de\/?page_id=657"},"modified":"2022-07-12T22:40:54","modified_gmt":"2022-07-12T20:40:54","slug":"ogts","status":"publish","type":"page","link":"https:\/\/fortests.de\/index.php\/ogts\/","title":{"rendered":"OGTS"},"content":{"rendered":"\n<div class=\"wp-block-stackable-heading stk-block-heading stk-block stk-f585a0d\" id=\"herzlich-willkommen-in-der-nachmittagsbetreuung-unserer-grundschule\" data-block-id=\"f585a0d\"><style>.stk-f585a0d .stk-block-heading__text{font-size:20px !important}@media screen and (max-width:1023px){.stk-f585a0d .stk-block-heading__text{font-size:20px !important}}@media screen and (max-width:767px){.stk-f585a0d .stk-block-heading__text{font-size:17px !important}}<\/style><h2 class=\"stk-block-heading__text\">Herzlich Willkommen in der Nachmittagsbetreuung unserer Grundschule!<\/h2><\/div>\n\n\n\n<div class=\"wp-block-stackable-text stk-block-text stk-block stk-fced5bd\" data-block-id=\"fced5bd\"><p class=\"stk-block-text__text\">Die Nachmittagsbetreuung unserer Gemeinschaftsgrundschule wird getragen von der Arbeiterwohlfahrt (AWO) Kreisverband K\u00f6ln.<\/p><\/div>\n\n\n\n<div class=\"wp-block-stackable-text stk-block-text stk-block stk-b0aa228\" data-block-id=\"b0aa228\"><p class=\"stk-block-text__text\">Im offenen Ganztag, der zurzeit aus acht Gruppen besteht und Kinder in ihrem Klassenverband betreut, treffen Sie und Ihre Kinder t\u00e4glich von 12:00 Uhr bis 16:00 Uhr auf ein kompetentes Mitarbeiterteam. Dieses besteht aus p\u00e4dagogischen Fachkr\u00e4ften, sowie aus Lehramtsstudenten, die besondere Angebote anbieten.<\/p><\/div>\n\n\n\n<div class=\"wp-block-stackable-text stk-block-text stk-block stk-92dd7ad\" data-block-id=\"92dd7ad\"><p class=\"stk-block-text__text\">Auch am Nachmittag verfolgt die OGS &#8211; wie auch die Schule &#8211; das Ziel interkulturellen und gewaltfreien Lernens und Toleranz. Durch gemeinsame Projekte, AGs und die Ferienbetreuung entsteht ein Programm, das die Talente der Kinder f\u00f6rdert und ihre Sozialkompetenzen erweitert. Um die Gestaltung des Nachmittags so anspechend und effektiv wie m\u00f6glich zu gestalten und dabei auf die Bed\u00fcrfnisse und W\u00fcnsche Ihrer Kinder einzugehen, findet jeden Dienstag eine zweist\u00fcndige Teamsitzung aller Gruppenleitungen statt.<\/p><\/div>\n\n\n\n<div class=\"wp-block-stackable-text stk-block-text stk-block stk-c43abd1\" data-block-id=\"c43abd1\"><p class=\"stk-block-text__text\"><br>Die Gruppenleitungen begleiten Ihre Kinder auch schon w\u00e4hrend des Unterrichts, sodass sie eng mit der Klassenlehrerin zusammenarbeiten und Ihre Kinder in der Lernzeit am Nachmittag bestm\u00f6glich unterst\u00fctzen k\u00f6nnen. Auch gibt es w\u00f6chentlich eine gemeinsame Teamstunde, um alle Anliegen der Klasse zu besprechen. Dies erm\u00f6glicht unsere gelingende Kooperation.<\/p><\/div>\n","protected":false},"excerpt":{"rendered":"<p>Herzlich Willkommen in der Nachmittagsbetreuung unserer Grundschule! Die Nachmittagsbetreuung unserer Gemeinschaftsgrundschule wird getragen von der Arbeiterwohlfahrt (AWO) Kreisverband K\u00f6ln. Im offenen Ganztag, der zurzeit aus acht Gruppen besteht und Kinder in ihrem Klassenverband betreut, treffen Sie und Ihre Kinder t\u00e4glich von 12:00 Uhr bis 16:00 Uhr auf ein kompetentes Mitarbeiterteam. Dieses besteht aus p\u00e4dagogischen Fachkr\u00e4ften, sowie aus Lehramtsstudenten, die besondere Angebote anbieten. Auch am Nachmittag verfolgt die OGS &#8211; wie auch die Schule &#8211; das Ziel interkulturellen und gewaltfreien Lernens und Toleranz. Durch gemeinsame Projekte, AGs und die Ferienbetreuung entsteht ein Programm, das die Talente der Kinder f\u00f6rdert und ihre\u2026<\/p>\n","protected":false},"author":2,"featured_media":0,"parent":0,"menu_order":0,"comment_status":"closed","ping_status":"closed","template":"","meta":[],"blocksy_meta":{"styles_descriptor":{"styles":{"desktop":"","tablet":"","mobile":""},"google_fonts":[],"version":5}},"featured_image_urls":{"full":"","thumbnail":"","medium":"","medium_large":"","large":"","1536x1536":"","2048x2048":""},"post_excerpt_stackable":"<p>Herzlich Willkommen in der Nachmittagsbetreuung unserer Grundschule! Die Nachmittagsbetreuung unserer Gemeinschaftsgrundschule wird getragen von der Arbeiterwohlfahrt (AWO) Kreisverband K\u00f6ln. Im offenen Ganztag, der zurzeit aus acht Gruppen besteht und Kinder in ihrem Klassenverband betreut, treffen Sie und Ihre Kinder t\u00e4glich von 12:00 Uhr bis 16:00 Uhr auf ein kompetentes Mitarbeiterteam. Dieses besteht aus p\u00e4dagogischen Fachkr\u00e4ften, sowie aus Lehramtsstudenten, die besondere Angebote anbieten. Auch am Nachmittag verfolgt die OGS &#8211; wie auch die Schule &#8211; das Ziel interkulturellen und gewaltfreien Lernens und Toleranz. Durch gemeinsame Projekte, AGs und die Ferienbetreuung entsteht ein Programm, das die Talente der Kinder f\u00f6rdert und ihre&hellip;<\/p>\n","category_list":"","author_info":{"name":"FB","url":"https:\/\/fortests.de\/index.php\/author\/fexxes\/"},"comments_num":"0 comments","featured_image_urls_v2":{"full":"","thumbnail":"","medium":"","medium_large":"","large":"","1536x1536":"","2048x2048":""},"post_excerpt_stackable_v2":"<p>Herzlich Willkommen in der Nachmittagsbetreuung unserer Grundschule! Die Nachmittagsbetreuung unserer Gemeinschaftsgrundschule wird getragen von der Arbeiterwohlfahrt (AWO) Kreisverband K\u00f6ln. Im offenen Ganztag, der zurzeit aus acht Gruppen besteht und Kinder in ihrem Klassenverband betreut, treffen Sie und Ihre Kinder t\u00e4glich von 12:00 Uhr bis 16:00 Uhr auf ein kompetentes Mitarbeiterteam. Dieses besteht aus p\u00e4dagogischen Fachkr\u00e4ften, sowie aus Lehramtsstudenten, die besondere Angebote anbieten. Auch am Nachmittag verfolgt die OGS &#8211; wie auch die Schule &#8211; das Ziel interkulturellen und gewaltfreien Lernens und Toleranz. Durch gemeinsame Projekte, AGs und die Ferienbetreuung entsteht ein Programm, das die Talente der Kinder f\u00f6rdert und ihre&hellip;<\/p>\n","category_list_v2":"","author_info_v2":{"name":"FB","url":"https:\/\/fortests.de\/index.php\/author\/fexxes\/"},"comments_num_v2":"0 comments","_links":{"self":[{"href":"https:\/\/fortests.de\/index.php\/wp-json\/wp\/v2\/pages\/657"}],"collection":[{"href":"https:\/\/fortests.de\/index.php\/wp-json\/wp\/v2\/pages"}],"about":[{"href":"https:\/\/fortests.de\/index.php\/wp-json\/wp\/v2\/types\/page"}],"author":[{"embeddable":true,"href":"https:\/\/fortests.de\/index.php\/wp-json\/wp\/v2\/users\/2"}],"replies":[{"embeddable":true,"href":"https:\/\/fortests.de\/index.php\/wp-json\/wp\/v2\/comments?post=657"}],"version-history":[{"count":2,"href":"https:\/\/fortests.de\/index.php\/wp-json\/wp\/v2\/pages\/657\/revisions"}],"predecessor-version":[{"id":873,"href":"https:\/\/fortests.de\/index.php\/wp-json\/wp\/v2\/pages\/657\/revisions\/873"}],"wp:attachment":[{"href":"https:\/\/fortests.de\/index.php\/wp-json\/wp\/v2\/media?parent=657"}],"curies":[{"name":"wp","href":"https:\/\/api.w.org\/{rel}","templated":true}]}}