{"id":655,"date":"2022-04-24T14:24:02","date_gmt":"2022-04-24T12:24:02","guid":{"rendered":"https:\/\/fortests.de\/?page_id=655"},"modified":"2022-07-25T13:30:28","modified_gmt":"2022-07-25T11:30:28","slug":"paedagogik","status":"publish","type":"page","link":"https:\/\/fortests.de\/index.php\/paedagogik\/","title":{"rendered":"P\u00e4dagogik"},"content":{"rendered":"\n<h2>Unsere p\u00e4dagogische Arbeit<\/h2>\n\n\n\n<p>Ein wesentlicher Schwerpunkt unserer Schule ist die Erziehung der Sch\u00fclerinnen und Sch\u00fcler zu sozialen und demokratischen Menschen.<\/p>\n\n\n\n<p>Soziales Lernen an unserer Schule hei\u00dft zun\u00e4chst interkulturelles Lernen. Unsere Klassen besuchen Kinder verschiedener Nationen. Sehr fr\u00fch m\u00fcssen sie sich mit verschiedenen Sprachen und Kulturen auseinandersetzen. Deshalb steht vorrangig die integrative F\u00f6rderung aller Kinder aus unterschiedlichen Kulturkreisen zu einer Lebens &#8211; und Arbeitsgemeinschaft im Vordergrund.<\/p>\n\n\n\n<p>Gro\u00dfen Wert legen wir auf die Herausbildung sozialer Werte. Jedes Kind muss lernen, sich in einer Gemeinschaft zu entwickeln, d.h. eigene Anspr\u00fcche, Rechte und Pflichten zu kennen und wahrzunehmen. Dabei lernt es, bestimmte vereinbarte Regeln einzuhalten, auf seine Mitmenschen R\u00fccksicht&nbsp; zu nehmen und Aufgaben f\u00fcr die Gemeinschaft zu \u00fcbernehmen. Aus diesem Grund arbeiten wir eng mit den p\u00e4dagogischen Fachkr\u00e4ften des offenen Ganztages zusammen, indem wir die Kinder im Konzept Klasse = Gruppe betreuen und durchg\u00e4ngig p\u00e4dagogische Geschlossenheit zeigen.<\/p>\n\n\n\n<p>Jedes Kind wird dabei entsprechend seiner M\u00f6glichkeiten unterst\u00fctzt. R\u00fccksichtnahme auf die pers\u00f6nliche Situation des Kindes ist ein wesentlicher Ausgangspunkt f\u00fcr den Lernerfolg, um die Schule als positiven Lebensraum zu erleben. Im Rahmen des gemeinsamen Lernens (Inklusion) werden die Kinder sensibilisiert, sich und andere mit ihren unterschiedlichen Kompetenzen wahrzunehmen und wertzusch\u00e4tzen.&nbsp;<\/p>\n\n\n\n<p>Die Erziehung zur Demokratie tr\u00e4gt ebenfalls zu einem mitbestimmten sozialen Miteinander bei. Die Kinder partizipieren und gestalten das Schulleben mit, indem sie sich in Gremien wie Klassenrat, Kinderkonferenzen und am Sch\u00fclerforum beteiligen.<\/p>\n","protected":false},"excerpt":{"rendered":"<p>Unsere p\u00e4dagogische Arbeit Ein wesentlicher Schwerpunkt unserer Schule ist die Erziehung der Sch\u00fclerinnen und Sch\u00fcler zu sozialen und demokratischen Menschen. Soziales Lernen an unserer Schule hei\u00dft zun\u00e4chst interkulturelles Lernen. Unsere Klassen besuchen Kinder verschiedener Nationen. Sehr fr\u00fch m\u00fcssen sie sich mit verschiedenen Sprachen und Kulturen auseinandersetzen. Deshalb steht vorrangig die integrative F\u00f6rderung aller Kinder aus unterschiedlichen Kulturkreisen zu einer Lebens &#8211; und Arbeitsgemeinschaft im Vordergrund. Gro\u00dfen Wert legen wir auf die Herausbildung sozialer Werte. Jedes Kind muss lernen, sich in einer Gemeinschaft zu entwickeln, d.h. eigene Anspr\u00fcche, Rechte und Pflichten zu kennen und wahrzunehmen. Dabei lernt es, bestimmte vereinbarte Regeln\u2026<\/p>\n","protected":false},"author":2,"featured_media":0,"parent":0,"menu_order":0,"comment_status":"closed","ping_status":"closed","template":"","meta":[],"blocksy_meta":{"styles_descriptor":{"styles":{"desktop":"","tablet":"","mobile":""},"google_fonts":[],"version":5}},"featured_image_urls":{"full":"","thumbnail":"","medium":"","medium_large":"","large":"","1536x1536":"","2048x2048":""},"post_excerpt_stackable":"<p>Unsere p\u00e4dagogische Arbeit Ein wesentlicher Schwerpunkt unserer Schule ist die Erziehung der Sch\u00fclerinnen und Sch\u00fcler zu sozialen und demokratischen Menschen. Soziales Lernen an unserer Schule hei\u00dft zun\u00e4chst interkulturelles Lernen. Unsere Klassen besuchen Kinder verschiedener Nationen. Sehr fr\u00fch m\u00fcssen sie sich mit verschiedenen Sprachen und Kulturen auseinandersetzen. Deshalb steht vorrangig die integrative F\u00f6rderung aller Kinder aus unterschiedlichen Kulturkreisen zu einer Lebens &#8211; und Arbeitsgemeinschaft im Vordergrund. Gro\u00dfen Wert legen wir auf die Herausbildung sozialer Werte. Jedes Kind muss lernen, sich in einer Gemeinschaft zu entwickeln, d.h. eigene Anspr\u00fcche, Rechte und Pflichten zu kennen und wahrzunehmen. Dabei lernt es, bestimmte vereinbarte Regeln&hellip;<\/p>\n","category_list":"","author_info":{"name":"FB","url":"https:\/\/fortests.de\/index.php\/author\/fexxes\/"},"comments_num":"0 comments","featured_image_urls_v2":{"full":"","thumbnail":"","medium":"","medium_large":"","large":"","1536x1536":"","2048x2048":""},"post_excerpt_stackable_v2":"<p>Unsere p\u00e4dagogische Arbeit Ein wesentlicher Schwerpunkt unserer Schule ist die Erziehung der Sch\u00fclerinnen und Sch\u00fcler zu sozialen und demokratischen Menschen. Soziales Lernen an unserer Schule hei\u00dft zun\u00e4chst interkulturelles Lernen. Unsere Klassen besuchen Kinder verschiedener Nationen. Sehr fr\u00fch m\u00fcssen sie sich mit verschiedenen Sprachen und Kulturen auseinandersetzen. Deshalb steht vorrangig die integrative F\u00f6rderung aller Kinder aus unterschiedlichen Kulturkreisen zu einer Lebens &#8211; und Arbeitsgemeinschaft im Vordergrund. Gro\u00dfen Wert legen wir auf die Herausbildung sozialer Werte. Jedes Kind muss lernen, sich in einer Gemeinschaft zu entwickeln, d.h. eigene Anspr\u00fcche, Rechte und Pflichten zu kennen und wahrzunehmen. Dabei lernt es, bestimmte vereinbarte Regeln&hellip;<\/p>\n","category_list_v2":"","author_info_v2":{"name":"FB","url":"https:\/\/fortests.de\/index.php\/author\/fexxes\/"},"comments_num_v2":"0 comments","_links":{"self":[{"href":"https:\/\/fortests.de\/index.php\/wp-json\/wp\/v2\/pages\/655"}],"collection":[{"href":"https:\/\/fortests.de\/index.php\/wp-json\/wp\/v2\/pages"}],"about":[{"href":"https:\/\/fortests.de\/index.php\/wp-json\/wp\/v2\/types\/page"}],"author":[{"embeddable":true,"href":"https:\/\/fortests.de\/index.php\/wp-json\/wp\/v2\/users\/2"}],"replies":[{"embeddable":true,"href":"https:\/\/fortests.de\/index.php\/wp-json\/wp\/v2\/comments?post=655"}],"version-history":[{"count":7,"href":"https:\/\/fortests.de\/index.php\/wp-json\/wp\/v2\/pages\/655\/revisions"}],"predecessor-version":[{"id":957,"href":"https:\/\/fortests.de\/index.php\/wp-json\/wp\/v2\/pages\/655\/revisions\/957"}],"wp:attachment":[{"href":"https:\/\/fortests.de\/index.php\/wp-json\/wp\/v2\/media?parent=655"}],"curies":[{"name":"wp","href":"https:\/\/api.w.org\/{rel}","templated":true}]}}