{"id":648,"date":"2022-04-24T14:22:21","date_gmt":"2022-04-24T12:22:21","guid":{"rendered":"https:\/\/www.ggs-erlenweg.de\/?page_id=648"},"modified":"2022-08-26T17:40:31","modified_gmt":"2022-08-26T15:40:31","slug":"schulbuecherei","status":"publish","type":"page","link":"https:\/\/fortests.de\/index.php\/schulbuecherei\/","title":{"rendered":"Schulb\u00fccherei"},"content":{"rendered":"\n<div class=\"wp-block-stackable-icon-box stk-block-icon-box stk-block stk-44bc433 stk-block-background\" data-block-id=\"44bc433\"><div class=\"stk-block-content stk-inner-blocks stk-block-icon-box__content stk-container stk-44bc433-container stk--no-background stk--no-padding\">\n<div class=\"wp-block-stackable-icon-label stk-block-icon-label stk-block stk-9f035e1\" data-block-id=\"9f035e1\"><div class=\"stk-row stk-inner-blocks stk-block-content\">\n<div class=\"wp-block-stackable-icon stk-block-icon has-text-align-left stk-block stk-b4d6698\" data-block-id=\"b4d6698\"><span class=\"stk--svg-wrapper\"><div class=\"stk--inner-svg\"><svg style=\"height:0;width:0\"><defs><linearGradient id=\"linear-gradient-b4d6698\" x1=\"0\" x2=\"100%\" y1=\"0\" y2=\"0\"><stop offset=\"0%\" style=\"stop-opacity:1;stop-color:var(--linear-gradient-b-4-d-6698-color-1)\"><\/stop><stop offset=\"100%\" style=\"stop-opacity:1;stop-color:var(--linear-gradient-b-4-d-6698-color-2)\"><\/stop><\/linearGradient><\/defs><\/svg><svg aria-hidden=\"true\" focusable=\"false\" data-prefix=\"fas\" data-icon=\"info-circle\" class=\"svg-inline--fa fa-info-circle fa-w-16\" xmlns=\"http:\/\/www.w3.org\/2000\/svg\" viewBox=\"0 0 512 512\" width=\"32\" height=\"32\"><path fill=\"currentColor\" d=\"M256 8C119.043 8 8 119.083 8 256c0 136.997 111.043 248 248 248s248-111.003 248-248C504 119.083 392.957 8 256 8zm0 110c23.196 0 42 18.804 42 42s-18.804 42-42 42-42-18.804-42-42 18.804-42 42-42zm56 254c0 6.627-5.373 12-12 12h-88c-6.627 0-12-5.373-12-12v-24c0-6.627 5.373-12 12-12h12v-64h-12c-6.627 0-12-5.373-12-12v-24c0-6.627 5.373-12 12-12h64c6.627 0 12 5.373 12 12v100h12c6.627 0 12 5.373 12 12v24z\"><\/path><\/svg><\/div><\/span><\/div>\n\n\n\n<div class=\"wp-block-stackable-heading stk-block-heading stk-block stk-da0c1b5\" id=\"ofnungszeiten\" data-block-id=\"da0c1b5\"><h4 class=\"stk-block-heading__text\">\u00d6fnungszeiten<\/h4><\/div>\n<\/div><\/div>\n\n\n\n<div class=\"wp-block-stackable-text stk-block-text stk-block stk-23d492c\" data-block-id=\"23d492c\"><p class=\"stk-block-text__text\"><strong>Mittwochs: <\/strong>15:00 &#8211; 15:45 Uhr<\/p><\/div>\n\n\n\n<div class=\"wp-block-stackable-text stk-block-text stk-block stk-7769b19\" data-block-id=\"7769b19\"><p class=\"stk-block-text__text\"><strong>Donnerstag: <\/strong>12:15 &#8211; 13:00 Uhr<\/p><\/div>\n<\/div><\/div>\n\n\n\n<p>n unserer Schule haben wir eine gem\u00fctliche Sch\u00fclerb\u00fccherei mit einer Vielzahl an B\u00fcchern, die zum St\u00f6bern, Entdecken und Lesen einladen. Neben Fantasieb\u00fcchern gibt es Sachb\u00fccher und zweisprachige B\u00fccher. Die B\u00fccherei befindet sich im 2. OG links neben dem Aufzug (B202). Unsere Schule ist im Projekt &#8222;Stiftung Lesen&#8220;. Dadurch ist im Schuljahr 2019 unser Leseclub entstanden. Hier geht es zum Padlet des Leseclubs: <a href=\"https:\/\/padlet.com\/gtrittin\/3ykct0j7bounfxhp\">Leseclub Padlet hier!<\/a><\/p>\n\n\n\n<p>Kommen Sie mit Ihrem Kind zusammen vorbei und leihen kostenfrei B\u00fccher aus!<\/p>\n\n\n\n<p>Hin und wieder finden in unserer B\u00fccherei Lesungen von verschiedenen Kinderbuchautoren statt. <\/p>\n\n\n\n<p><\/p>\n\n\n\n<figure class=\"wp-container-2 wp-block-gallery-1 wp-block-gallery has-nested-images columns-default is-cropped\">\n<figure class=\"wp-block-image size-large\"><img loading=\"lazy\" width=\"1024\" height=\"768\" data-id=\"1110\"  src=\"https:\/\/fortests.de\/wp-content\/uploads\/2022\/08\/Bibliothekt2022_01-1024x768.jpg\" alt=\"\" class=\"wp-image-1110\" srcset=\"https:\/\/fortests.de\/wp-content\/uploads\/2022\/08\/Bibliothekt2022_01-1024x768.jpg 1024w, https:\/\/fortests.de\/wp-content\/uploads\/2022\/08\/Bibliothekt2022_01-300x225.jpg 300w, https:\/\/fortests.de\/wp-content\/uploads\/2022\/08\/Bibliothekt2022_01-768x576.jpg 768w, https:\/\/fortests.de\/wp-content\/uploads\/2022\/08\/Bibliothekt2022_01-1536x1152.jpg 1536w, https:\/\/fortests.de\/wp-content\/uploads\/2022\/08\/Bibliothekt2022_01.jpg 1672w\" sizes=\"(max-width: 1024px) 100vw, 1024px\" \/><\/figure>\n\n\n\n<figure class=\"wp-block-image size-large\"><img loading=\"lazy\" width=\"1024\" height=\"768\" data-id=\"1108\"  src=\"https:\/\/www.ggs-erlenweg.de\/wp-content\/uploads\/2022\/08\/Bib_2022_03-1024x768.jpg\" alt=\"\" class=\"wp-image-1108\" srcset=\"https:\/\/fortests.de\/wp-content\/uploads\/2022\/08\/Bib_2022_03-1024x768.jpg 1024w, https:\/\/fortests.de\/wp-content\/uploads\/2022\/08\/Bib_2022_03-300x225.jpg 300w, https:\/\/fortests.de\/wp-content\/uploads\/2022\/08\/Bib_2022_03-768x576.jpg 768w, https:\/\/fortests.de\/wp-content\/uploads\/2022\/08\/Bib_2022_03-1536x1152.jpg 1536w, https:\/\/fortests.de\/wp-content\/uploads\/2022\/08\/Bib_2022_03.jpg 1672w\" sizes=\"(max-width: 1024px) 100vw, 1024px\" \/><\/figure>\n\n\n\n<figure class=\"wp-block-image size-large\"><img loading=\"lazy\" width=\"490\" height=\"367\" data-id=\"650\"  src=\"https:\/\/www.ggs-erlenweg.de\/wp-content\/uploads\/2022\/04\/Buecherwoche_1.jpg\" alt=\"\" class=\"wp-image-650\" srcset=\"https:\/\/fortests.de\/wp-content\/uploads\/2022\/04\/Buecherwoche_1.jpg 490w, https:\/\/fortests.de\/wp-content\/uploads\/2022\/04\/Buecherwoche_1-300x225.jpg 300w\" sizes=\"(max-width: 490px) 100vw, 490px\" \/><\/figure>\n\n\n\n<figure class=\"wp-block-image size-large\"><img loading=\"lazy\" width=\"490\" height=\"367\" data-id=\"651\"  src=\"https:\/\/www.ggs-erlenweg.de\/wp-content\/uploads\/2022\/04\/Buecherwoche_2.jpg\" alt=\"\" class=\"wp-image-651\" srcset=\"https:\/\/fortests.de\/wp-content\/uploads\/2022\/04\/Buecherwoche_2.jpg 490w, https:\/\/fortests.de\/wp-content\/uploads\/2022\/04\/Buecherwoche_2-300x225.jpg 300w\" sizes=\"(max-width: 490px) 100vw, 490px\" \/><\/figure>\n<\/figure>\n\n\n\n<p><\/p>\n","protected":false},"excerpt":{"rendered":"<p>\u00d6fnungszeiten Mittwochs: 15:00 &#8211; 15:45 Uhr Donnerstag: 12:15 &#8211; 13:00 Uhr n unserer Schule haben wir eine gem\u00fctliche Sch\u00fclerb\u00fccherei mit einer Vielzahl an B\u00fcchern, die zum St\u00f6bern, Entdecken und Lesen einladen. Neben Fantasieb\u00fcchern gibt es Sachb\u00fccher und zweisprachige B\u00fccher. Die B\u00fccherei befindet sich im 2. OG links neben dem Aufzug (B202). Unsere Schule ist im Projekt &#8222;Stiftung Lesen&#8220;. Dadurch ist im Schuljahr 2019 unser Leseclub entstanden. Hier geht es zum Padlet des Leseclubs: Leseclub Padlet hier! Kommen Sie mit Ihrem Kind zusammen vorbei und leihen kostenfrei B\u00fccher aus! Hin und wieder finden in unserer B\u00fccherei Lesungen von verschiedenen Kinderbuchautoren statt.<\/p>\n","protected":false},"author":2,"featured_media":0,"parent":0,"menu_order":0,"comment_status":"closed","ping_status":"closed","template":"","meta":[],"blocksy_meta":{"styles_descriptor":{"styles":{"desktop":"","tablet":"","mobile":""},"google_fonts":[],"version":5}},"featured_image_urls":{"full":"","thumbnail":"","medium":"","medium_large":"","large":"","1536x1536":"","2048x2048":""},"post_excerpt_stackable":"<p>\u00d6fnungszeiten Mittwochs: 15:00 &#8211; 15:45 Uhr Donnerstag: 12:15 &#8211; 13:00 Uhr n unserer Schule haben wir eine gem\u00fctliche Sch\u00fclerb\u00fccherei mit einer Vielzahl an B\u00fcchern, die zum St\u00f6bern, Entdecken und Lesen einladen. Neben Fantasieb\u00fcchern gibt es Sachb\u00fccher und zweisprachige B\u00fccher. Die B\u00fccherei befindet sich im 2. OG links neben dem Aufzug (B202). Unsere Schule ist im Projekt &#8222;Stiftung Lesen&#8220;. Dadurch ist im Schuljahr 2019 unser Leseclub entstanden. Hier geht es zum Padlet des Leseclubs: Leseclub Padlet hier! Kommen Sie mit Ihrem Kind zusammen vorbei und leihen kostenfrei B\u00fccher aus! Hin und wieder finden in unserer B\u00fccherei Lesungen von verschiedenen Kinderbuchautoren statt.<\/p>\n","category_list":"","author_info":{"name":"FB","url":"https:\/\/fortests.de\/index.php\/author\/fexxes\/"},"comments_num":"0 comments","featured_image_urls_v2":{"full":"","thumbnail":"","medium":"","medium_large":"","large":"","1536x1536":"","2048x2048":""},"post_excerpt_stackable_v2":"<p>\u00d6fnungszeiten Mittwochs: 15:00 &#8211; 15:45 Uhr Donnerstag: 12:15 &#8211; 13:00 Uhr n unserer Schule haben wir eine gem\u00fctliche Sch\u00fclerb\u00fccherei mit einer Vielzahl an B\u00fcchern, die zum St\u00f6bern, Entdecken und Lesen einladen. Neben Fantasieb\u00fcchern gibt es Sachb\u00fccher und zweisprachige B\u00fccher. Die B\u00fccherei befindet sich im 2. OG links neben dem Aufzug (B202). Unsere Schule ist im Projekt &#8222;Stiftung Lesen&#8220;. Dadurch ist im Schuljahr 2019 unser Leseclub entstanden. Hier geht es zum Padlet des Leseclubs: Leseclub Padlet hier! Kommen Sie mit Ihrem Kind zusammen vorbei und leihen kostenfrei B\u00fccher aus! Hin und wieder finden in unserer B\u00fccherei Lesungen von verschiedenen Kinderbuchautoren statt.<\/p>\n","category_list_v2":"","author_info_v2":{"name":"FB","url":"https:\/\/fortests.de\/index.php\/author\/fexxes\/"},"comments_num_v2":"0 comments","_links":{"self":[{"href":"https:\/\/fortests.de\/index.php\/wp-json\/wp\/v2\/pages\/648"}],"collection":[{"href":"https:\/\/fortests.de\/index.php\/wp-json\/wp\/v2\/pages"}],"about":[{"href":"https:\/\/fortests.de\/index.php\/wp-json\/wp\/v2\/types\/page"}],"author":[{"embeddable":true,"href":"https:\/\/fortests.de\/index.php\/wp-json\/wp\/v2\/users\/2"}],"replies":[{"embeddable":true,"href":"https:\/\/fortests.de\/index.php\/wp-json\/wp\/v2\/comments?post=648"}],"version-history":[{"count":4,"href":"https:\/\/fortests.de\/index.php\/wp-json\/wp\/v2\/pages\/648\/revisions"}],"predecessor-version":[{"id":1147,"href":"https:\/\/fortests.de\/index.php\/wp-json\/wp\/v2\/pages\/648\/revisions\/1147"}],"wp:attachment":[{"href":"https:\/\/fortests.de\/index.php\/wp-json\/wp\/v2\/media?parent=648"}],"curies":[{"name":"wp","href":"https:\/\/api.w.org\/{rel}","templated":true}]}}