{"id":632,"date":"2022-04-24T01:01:25","date_gmt":"2022-04-23T23:01:25","guid":{"rendered":"https:\/\/www.ggs-erlenweg.de\/?page_id=632"},"modified":"2022-08-26T17:39:26","modified_gmt":"2022-08-26T15:39:26","slug":"schulgartenunser-schulgarten","status":"publish","type":"page","link":"https:\/\/fortests.de\/index.php\/schulgartenunser-schulgarten\/","title":{"rendered":"Schulgarten"},"content":{"rendered":"\n<p>Im Fr\u00fchjahr 2015 entstand an unserer Schule auf einem bis dahin ungenutzten Wiesengel\u00e4nde ein Schulgarten.<\/p>\n\n\n\n<p>Der Schulgarten bietet den Kindern im Rahmen von AGs, aber auch unterrichtlichen Projekten einen unmittelbaren Zugang zur Natur und Pflanzenwelt. Sie erleben, wie Obst und Gem\u00fcse angezogen wird, helfen mit, die Pflanzen zu pflegen und k\u00f6nnen schlie\u00dflich ihre eigenen Nahrungsmittel ernten.<\/p>\n\n\n\n<p>Wir sind sehr stolz, dass wir mit unserem Garten im Jahr 2017 sogar den 2. Platz beim Schulgarten-Wettbewerb der Stadt K\u00f6ln gewonnen haben.<\/p>\n\n\n\n<p><\/p>\n\n\n\n<figure class=\"wp-container-2 wp-block-gallery-1 wp-block-gallery has-nested-images columns-default is-cropped\">\n<figure class=\"wp-block-image size-full\"><img loading=\"lazy\" width=\"1024\" height=\"768\" data-id=\"841\"  src=\"https:\/\/fortests.de\/wp-content\/uploads\/2022\/06\/bank_fin01_online.jpg\" alt=\"\" class=\"wp-image-841\" srcset=\"https:\/\/fortests.de\/wp-content\/uploads\/2022\/06\/bank_fin01_online.jpg 1024w, https:\/\/fortests.de\/wp-content\/uploads\/2022\/06\/bank_fin01_online-300x225.jpg 300w, https:\/\/fortests.de\/wp-content\/uploads\/2022\/06\/bank_fin01_online-768x576.jpg 768w\" sizes=\"(max-width: 1024px) 100vw, 1024px\" \/><\/figure>\n\n\n\n<figure class=\"wp-block-image size-full\"><img loading=\"lazy\" width=\"708\" height=\"808\" data-id=\"919\"  src=\"https:\/\/www.ggs-erlenweg.de\/wp-content\/uploads\/2022\/07\/Garten_zusammen.jpg\" alt=\"\" class=\"wp-image-919\" srcset=\"https:\/\/fortests.de\/wp-content\/uploads\/2022\/07\/Garten_zusammen.jpg 708w, https:\/\/fortests.de\/wp-content\/uploads\/2022\/07\/Garten_zusammen-263x300.jpg 263w\" sizes=\"(max-width: 708px) 100vw, 708px\" \/><\/figure>\n\n\n\n<figure class=\"wp-block-image size-large\"><img loading=\"lazy\" width=\"732\" height=\"1024\" data-id=\"925\"  src=\"https:\/\/www.ggs-erlenweg.de\/wp-content\/uploads\/2022\/07\/Garten_Blumenbeet-1-732x1024.jpg\" alt=\"\" class=\"wp-image-925\" srcset=\"https:\/\/fortests.de\/wp-content\/uploads\/2022\/07\/Garten_Blumenbeet-1-732x1024.jpg 732w, https:\/\/fortests.de\/wp-content\/uploads\/2022\/07\/Garten_Blumenbeet-1-214x300.jpg 214w, https:\/\/fortests.de\/wp-content\/uploads\/2022\/07\/Garten_Blumenbeet-1-768x1074.jpg 768w, https:\/\/fortests.de\/wp-content\/uploads\/2022\/07\/Garten_Blumenbeet-1-1098x1536.jpg 1098w, https:\/\/fortests.de\/wp-content\/uploads\/2022\/07\/Garten_Blumenbeet-1-1464x2048.jpg 1464w, https:\/\/fortests.de\/wp-content\/uploads\/2022\/07\/Garten_Blumenbeet-1-scaled.jpg 1830w\" sizes=\"(max-width: 732px) 100vw, 732px\" \/><\/figure>\n<\/figure>\n","protected":false},"excerpt":{"rendered":"<p>Im Fr\u00fchjahr 2015 entstand an unserer Schule auf einem bis dahin ungenutzten Wiesengel\u00e4nde ein Schulgarten. Der Schulgarten bietet den Kindern im Rahmen von AGs, aber auch unterrichtlichen Projekten einen unmittelbaren Zugang zur Natur und Pflanzenwelt. Sie erleben, wie Obst und Gem\u00fcse angezogen wird, helfen mit, die Pflanzen zu pflegen und k\u00f6nnen schlie\u00dflich ihre eigenen Nahrungsmittel ernten. Wir sind sehr stolz, dass wir mit unserem Garten im Jahr 2017 sogar den 2. Platz beim Schulgarten-Wettbewerb der Stadt K\u00f6ln gewonnen haben.<\/p>\n","protected":false},"author":2,"featured_media":599,"parent":0,"menu_order":0,"comment_status":"closed","ping_status":"closed","template":"","meta":[],"blocksy_meta":{"styles_descriptor":{"styles":{"desktop":"","tablet":"","mobile":""},"google_fonts":[],"version":5}},"featured_image_urls":{"full":["https:\/\/fortests.de\/wp-content\/uploads\/2022\/04\/Schulgarten.jpeg",320,240,false],"thumbnail":["https:\/\/fortests.de\/wp-content\/uploads\/2022\/04\/Schulgarten-150x150.jpeg",150,150,true],"medium":["https:\/\/fortests.de\/wp-content\/uploads\/2022\/04\/Schulgarten-300x225.jpeg",300,225,true],"medium_large":["https:\/\/fortests.de\/wp-content\/uploads\/2022\/04\/Schulgarten.jpeg",320,240,false],"large":["https:\/\/fortests.de\/wp-content\/uploads\/2022\/04\/Schulgarten.jpeg",320,240,false],"1536x1536":["https:\/\/fortests.de\/wp-content\/uploads\/2022\/04\/Schulgarten.jpeg",320,240,false],"2048x2048":["https:\/\/fortests.de\/wp-content\/uploads\/2022\/04\/Schulgarten.jpeg",320,240,false]},"post_excerpt_stackable":"<p>Im Fr\u00fchjahr 2015 entstand an unserer Schule auf einem bis dahin ungenutzten Wiesengel\u00e4nde ein Schulgarten. Der Schulgarten bietet den Kindern im Rahmen von AGs, aber auch unterrichtlichen Projekten einen unmittelbaren Zugang zur Natur und Pflanzenwelt. Sie erleben, wie Obst und Gem\u00fcse angezogen wird, helfen mit, die Pflanzen zu pflegen und k\u00f6nnen schlie\u00dflich ihre eigenen Nahrungsmittel ernten. Wir sind sehr stolz, dass wir mit unserem Garten im Jahr 2017 sogar den 2. Platz beim Schulgarten-Wettbewerb der Stadt K\u00f6ln gewonnen haben.<\/p>\n","category_list":"","author_info":{"name":"FB","url":"https:\/\/fortests.de\/index.php\/author\/fexxes\/"},"comments_num":"0 comments","featured_image_urls_v2":{"full":["https:\/\/fortests.de\/wp-content\/uploads\/2022\/04\/Schulgarten.jpeg",320,240,false],"thumbnail":["https:\/\/fortests.de\/wp-content\/uploads\/2022\/04\/Schulgarten-150x150.jpeg",150,150,true],"medium":["https:\/\/fortests.de\/wp-content\/uploads\/2022\/04\/Schulgarten-300x225.jpeg",300,225,true],"medium_large":["https:\/\/fortests.de\/wp-content\/uploads\/2022\/04\/Schulgarten.jpeg",320,240,false],"large":["https:\/\/fortests.de\/wp-content\/uploads\/2022\/04\/Schulgarten.jpeg",320,240,false],"1536x1536":["https:\/\/fortests.de\/wp-content\/uploads\/2022\/04\/Schulgarten.jpeg",320,240,false],"2048x2048":["https:\/\/fortests.de\/wp-content\/uploads\/2022\/04\/Schulgarten.jpeg",320,240,false]},"post_excerpt_stackable_v2":"<p>Im Fr\u00fchjahr 2015 entstand an unserer Schule auf einem bis dahin ungenutzten Wiesengel\u00e4nde ein Schulgarten. Der Schulgarten bietet den Kindern im Rahmen von AGs, aber auch unterrichtlichen Projekten einen unmittelbaren Zugang zur Natur und Pflanzenwelt. Sie erleben, wie Obst und Gem\u00fcse angezogen wird, helfen mit, die Pflanzen zu pflegen und k\u00f6nnen schlie\u00dflich ihre eigenen Nahrungsmittel ernten. Wir sind sehr stolz, dass wir mit unserem Garten im Jahr 2017 sogar den 2. Platz beim Schulgarten-Wettbewerb der Stadt K\u00f6ln gewonnen haben.<\/p>\n","category_list_v2":"","author_info_v2":{"name":"FB","url":"https:\/\/fortests.de\/index.php\/author\/fexxes\/"},"comments_num_v2":"0 comments","_links":{"self":[{"href":"https:\/\/fortests.de\/index.php\/wp-json\/wp\/v2\/pages\/632"}],"collection":[{"href":"https:\/\/fortests.de\/index.php\/wp-json\/wp\/v2\/pages"}],"about":[{"href":"https:\/\/fortests.de\/index.php\/wp-json\/wp\/v2\/types\/page"}],"author":[{"embeddable":true,"href":"https:\/\/fortests.de\/index.php\/wp-json\/wp\/v2\/users\/2"}],"replies":[{"embeddable":true,"href":"https:\/\/fortests.de\/index.php\/wp-json\/wp\/v2\/comments?post=632"}],"version-history":[{"count":6,"href":"https:\/\/fortests.de\/index.php\/wp-json\/wp\/v2\/pages\/632\/revisions"}],"predecessor-version":[{"id":1146,"href":"https:\/\/fortests.de\/index.php\/wp-json\/wp\/v2\/pages\/632\/revisions\/1146"}],"wp:featuredmedia":[{"embeddable":true,"href":"https:\/\/fortests.de\/index.php\/wp-json\/wp\/v2\/media\/599"}],"wp:attachment":[{"href":"https:\/\/fortests.de\/index.php\/wp-json\/wp\/v2\/media?parent=632"}],"curies":[{"name":"wp","href":"https:\/\/api.w.org\/{rel}","templated":true}]}}