{"id":562,"date":"2021-06-30T15:17:15","date_gmt":"2021-06-30T15:17:15","guid":{"rendered":"https:\/\/demo.creativethemes.com\/blocksy\/web-agency\/?page_id=3"},"modified":"2022-06-26T16:35:51","modified_gmt":"2022-06-26T14:35:51","slug":"privacy-policy","status":"publish","type":"page","link":"https:\/\/fortests.de\/index.php\/privacy-policy\/","title":{"rendered":"Impressum"},"content":{"rendered":"\n<p><strong>Impressum:<\/strong>&nbsp; Gemeinschaftsgrundschule Erlenweg<\/p>\n\n\n\n<p>&nbsp; &nbsp; &nbsp; &nbsp; &nbsp; &nbsp; &nbsp; &nbsp; &nbsp; &nbsp; &nbsp; Erlenweg 16<\/p>\n\n\n\n<p>&nbsp; &nbsp; &nbsp; &nbsp; &nbsp; &nbsp; &nbsp; &nbsp; &nbsp; &nbsp; &nbsp; 50827 K\u00f6ln<\/p>\n\n\n\n<p>&nbsp; &nbsp; &nbsp; &nbsp; &nbsp; &nbsp; &nbsp; &nbsp; &nbsp; &nbsp; &nbsp; Tel.: 0221 355 33 950<\/p>\n\n\n\n<p>&nbsp; &nbsp; &nbsp; &nbsp; &nbsp; &nbsp; &nbsp; &nbsp; &nbsp; &nbsp; &nbsp; Fax: 0221 355 33 9540<\/p>\n\n\n\n<p>&nbsp; &nbsp; &nbsp; &nbsp; &nbsp; &nbsp; &nbsp; &nbsp; &nbsp; &nbsp; &nbsp; Email der Schule: <a href=\"javascript:linkTo_UnCryptMailto('nbjmup+223132Atdivmf\/osx\/ef');\">ggs-erlenweg@stadt-koeln.de<\/a><\/p>\n\n\n\n<p>Das Sekretariat ist&nbsp;montags und&nbsp;dienstags von&nbsp;10 Uhr bis&nbsp;13 Uhr&nbsp;und&nbsp;mittwochs 7 Uhr bis 10 Uhr&nbsp;und&nbsp;donnerstags&nbsp;von 7 Uhr bis 9 Uhr besetzt.<\/p>\n\n\n\n<p>Freitags ist das B\u00fcro von 10 Uhr bis 14 Uhr besetzt.<\/p>\n\n\n\n<hr class=\"wp-block-separator has-css-opacity\"\/>\n\n\n\n<p><strong>Schultr\u00e4ger:<\/strong>&nbsp; &nbsp;Stadt K\u00f6ln &#8211; Amt f\u00fcr Schulentwicklung<br>&nbsp; &nbsp; &nbsp; &nbsp; &nbsp; &nbsp; &nbsp; &nbsp; &nbsp; &nbsp; &nbsp; &nbsp;vertreten durch: Henriette Reker-Oberb\u00fcrgermeisterin<br>&nbsp; &nbsp; &nbsp; &nbsp; &nbsp; &nbsp; &nbsp; &nbsp; &nbsp; &nbsp; &nbsp; &nbsp;Willy-Brandt-Platz 3<br>&nbsp; &nbsp; &nbsp; &nbsp; &nbsp; &nbsp; &nbsp; &nbsp; &nbsp; &nbsp; &nbsp; &nbsp;50679 K\u00f6ln<\/p>\n\n\n\n<p>&nbsp; &nbsp; &nbsp; &nbsp; &nbsp; &nbsp; &nbsp; &nbsp; &nbsp; &nbsp; &nbsp; &nbsp;Tel.: 0221 \/ 221 &#8211; 29 27 7<br>&nbsp; &nbsp; &nbsp; &nbsp; &nbsp; &nbsp; &nbsp; &nbsp; &nbsp; &nbsp; &nbsp; &nbsp;Fax: 0221 \/ 29 25 3<br>&nbsp; &nbsp; &nbsp; &nbsp; &nbsp; &nbsp; &nbsp; &nbsp; &nbsp; &nbsp; &nbsp; &nbsp;Email: <a href=\"javascript:linkTo_UnCryptMailto('nbjmup+TdivmwfsxbmuvohtbnuAtubeu.lpfmo\/ef');\">Schulverwaltungsamt@stadt-koeln.de<\/a><\/p>\n\n\n\n<hr class=\"wp-block-separator has-css-opacity\"\/>\n\n\n\n<p><strong>Verantwortlich<\/strong> f\u00fcr Inhalt und Redaktion (Webmaster) i.S.d.P. \u00a7 55 Abs. 2 RStV: M. M\u00fcller, GGS Erlenweg, Erlenweg 16, 50825 K\u00f6ln.<\/p>\n\n\n\n<p>Wir machen darauf aufmerksam, dass alle Inhalte dieser Website urheberrechtlich gesch\u00fctzt sind.<br>Alle hier verwendeten Namen, Begriffe, Zeichen und Grafiken k\u00f6nnen Marken- oder Warenzeichen im Besitze ihrer rechtlichen Eigent\u00fcmer sein. Die Rechte aller erw\u00e4hnten und benutzten Marken- und Warenzeichen liegen ausschlie\u00dflich bei deren Besitzern.<\/p>\n\n\n\n<p><strong>Haftungshinweis:<\/strong> Trotz sorgf\u00e4ltiger inhaltlicher Kontrolle \u00fcbernehmen wir keine Haftung f\u00fcr die Inhalte externer Links. F\u00fcr den Inhalt der verlinkten Seiten sind ausschlie\u00dflich deren Betreiber verantwortlich.<\/p>\n\n\n\n<p><strong>Datenschutz:<\/strong> Wir, die Gemeinschaftsgrundschule Erlenweg, nehmen den Schutz Ihrer pers\u00f6nlichen Daten sehr ernst und halten uns strikt an die Regeln der Datenschutzgesetze. Personenbezogene Daten werden auf dieser Webseite nur im technisch notwendigen Umfang erhoben. In keinem Fall werden die erhobenen Daten verkauft oder aus anderen Gr\u00fcnden an Dritte weitergegeben. Datenschutzbeauftragter: Herr M\u00fcller, Mail: <a href=\"javascript:linkTo_UnCryptMailto('nbjmup+223132Atdivmf\/osx\/ef');\"><\/a><a href=\"javascript:linkTo_UnCryptMailto('nbjmup+223132Atdivmf\/osx\/ef');\">ggs-erlenweg@stadt-koeln.de<\/a>&nbsp;Tel: 355339533<\/p>\n\n\n\n<hr class=\"wp-block-separator has-css-opacity\"\/>\n\n\n\n<p><strong>Credits<\/strong> <\/p>\n\n\n\n<p>Wir nutzen auf dieser Seite Bilder der Seite Freepik. <\/p>\n\n\n\n<p>Dies betrift auf unserer Starteseite <a href=\"https:\/\/fortests.de\/wp-content\/uploads\/2022\/04\/4028065-scaled.jpg\">dieses Bild.<\/a>&#8211; <a href=\"http:\/\/www.freepik.com\">Designed by Freepik<\/a><\/p>\n\n\n\n<p>Au\u00dferdem im Zusammenhang mit unserer Schulbibliothek <a href=\"https:\/\/www.ggs-erlenweg.de\/wp-content\/uploads\/2022\/04\/Bibliothek_Small-scaled.jpg\">dieses Bild.<\/a>&#8211; <a href=\"http:\/\/www.freepik.com\">Designed by upklyak \/ Freepik<\/a><\/p>\n","protected":false},"excerpt":{"rendered":"<p>Impressum:&nbsp; Gemeinschaftsgrundschule Erlenweg &nbsp; &nbsp; &nbsp; &nbsp; &nbsp; &nbsp; &nbsp; &nbsp; &nbsp; &nbsp; &nbsp; Erlenweg 16 &nbsp; &nbsp; &nbsp; &nbsp; &nbsp; &nbsp; &nbsp; &nbsp; &nbsp; &nbsp; &nbsp; 50827 K\u00f6ln &nbsp; &nbsp; &nbsp; &nbsp; &nbsp; &nbsp; &nbsp; &nbsp; &nbsp; &nbsp; &nbsp; Tel.: 0221 355 33 950 &nbsp; &nbsp; &nbsp; &nbsp; &nbsp; &nbsp; &nbsp; &nbsp; &nbsp; &nbsp; &nbsp; Fax: 0221 355 33 9540 &nbsp; &nbsp; &nbsp; &nbsp; &nbsp; &nbsp; &nbsp; &nbsp; &nbsp; &nbsp; &nbsp; Email der Schule: ggs-erlenweg@stadt-koeln.de Das Sekretariat ist&nbsp;montags und&nbsp;dienstags von&nbsp;10 Uhr bis&nbsp;13 Uhr&nbsp;und&nbsp;mittwochs 7 Uhr bis 10 Uhr&nbsp;und&nbsp;donnerstags&nbsp;von 7 Uhr bis 9 Uhr besetzt. Freitags ist das B\u00fcro von\u2026<\/p>\n","protected":false},"author":2,"featured_media":0,"parent":0,"menu_order":0,"comment_status":"closed","ping_status":"open","template":"","meta":[],"blocksy_meta":{"styles_descriptor":{"styles":{"desktop":"","tablet":"","mobile":""},"google_fonts":[],"version":5}},"featured_image_urls":{"full":"","thumbnail":"","medium":"","medium_large":"","large":"","1536x1536":"","2048x2048":""},"post_excerpt_stackable":"<p>Impressum:&nbsp; Gemeinschaftsgrundschule Erlenweg &nbsp; &nbsp; &nbsp; &nbsp; &nbsp; &nbsp; &nbsp; &nbsp; &nbsp; &nbsp; &nbsp; Erlenweg 16 &nbsp; &nbsp; &nbsp; &nbsp; &nbsp; &nbsp; &nbsp; &nbsp; &nbsp; &nbsp; &nbsp; 50827 K\u00f6ln &nbsp; &nbsp; &nbsp; &nbsp; &nbsp; &nbsp; &nbsp; &nbsp; &nbsp; &nbsp; &nbsp; Tel.: 0221 355 33 950 &nbsp; &nbsp; &nbsp; &nbsp; &nbsp; &nbsp; &nbsp; &nbsp; &nbsp; &nbsp; &nbsp; Fax: 0221 355 33 9540 &nbsp; &nbsp; &nbsp; &nbsp; &nbsp; &nbsp; &nbsp; &nbsp; &nbsp; &nbsp; &nbsp; Email der Schule: ggs-erlenweg@stadt-koeln.de Das Sekretariat ist&nbsp;montags und&nbsp;dienstags von&nbsp;10 Uhr bis&nbsp;13 Uhr&nbsp;und&nbsp;mittwochs 7 Uhr bis 10 Uhr&nbsp;und&nbsp;donnerstags&nbsp;von 7 Uhr bis 9 Uhr besetzt. Freitags ist das B\u00fcro von&hellip;<\/p>\n","category_list":"","author_info":{"name":"FB","url":"https:\/\/fortests.de\/index.php\/author\/fexxes\/"},"comments_num":"0 comments","featured_image_urls_v2":{"full":"","thumbnail":"","medium":"","medium_large":"","large":"","1536x1536":"","2048x2048":""},"post_excerpt_stackable_v2":"<p>Impressum:&nbsp; Gemeinschaftsgrundschule Erlenweg &nbsp; &nbsp; &nbsp; &nbsp; &nbsp; &nbsp; &nbsp; &nbsp; &nbsp; &nbsp; &nbsp; Erlenweg 16 &nbsp; &nbsp; &nbsp; &nbsp; &nbsp; &nbsp; &nbsp; &nbsp; &nbsp; &nbsp; &nbsp; 50827 K\u00f6ln &nbsp; &nbsp; &nbsp; &nbsp; &nbsp; &nbsp; &nbsp; &nbsp; &nbsp; &nbsp; &nbsp; Tel.: 0221 355 33 950 &nbsp; &nbsp; &nbsp; &nbsp; &nbsp; &nbsp; &nbsp; &nbsp; &nbsp; &nbsp; &nbsp; Fax: 0221 355 33 9540 &nbsp; &nbsp; &nbsp; &nbsp; &nbsp; &nbsp; &nbsp; &nbsp; &nbsp; &nbsp; &nbsp; Email der Schule: ggs-erlenweg@stadt-koeln.de Das Sekretariat ist&nbsp;montags und&nbsp;dienstags von&nbsp;10 Uhr bis&nbsp;13 Uhr&nbsp;und&nbsp;mittwochs 7 Uhr bis 10 Uhr&nbsp;und&nbsp;donnerstags&nbsp;von 7 Uhr bis 9 Uhr besetzt. Freitags ist das B\u00fcro von&hellip;<\/p>\n","category_list_v2":"","author_info_v2":{"name":"FB","url":"https:\/\/fortests.de\/index.php\/author\/fexxes\/"},"comments_num_v2":"0 comments","_links":{"self":[{"href":"https:\/\/fortests.de\/index.php\/wp-json\/wp\/v2\/pages\/562"}],"collection":[{"href":"https:\/\/fortests.de\/index.php\/wp-json\/wp\/v2\/pages"}],"about":[{"href":"https:\/\/fortests.de\/index.php\/wp-json\/wp\/v2\/types\/page"}],"author":[{"embeddable":true,"href":"https:\/\/fortests.de\/index.php\/wp-json\/wp\/v2\/users\/2"}],"replies":[{"embeddable":true,"href":"https:\/\/fortests.de\/index.php\/wp-json\/wp\/v2\/comments?post=562"}],"version-history":[{"count":6,"href":"https:\/\/fortests.de\/index.php\/wp-json\/wp\/v2\/pages\/562\/revisions"}],"predecessor-version":[{"id":819,"href":"https:\/\/fortests.de\/index.php\/wp-json\/wp\/v2\/pages\/562\/revisions\/819"}],"wp:attachment":[{"href":"https:\/\/fortests.de\/index.php\/wp-json\/wp\/v2\/media?parent=562"}],"curies":[{"name":"wp","href":"https:\/\/api.w.org\/{rel}","templated":true}]}}