{"id":1097,"date":"2022-08-19T13:28:09","date_gmt":"2022-08-19T11:28:09","guid":{"rendered":"https:\/\/fortests.de\/?page_id=1097"},"modified":"2022-09-07T22:00:59","modified_gmt":"2022-09-07T20:00:59","slug":"tagesablauf-und-offener-anfang","status":"publish","type":"page","link":"https:\/\/fortests.de\/index.php\/tagesablauf-und-offener-anfang\/","title":{"rendered":"Tagesablauf und offener Anfang"},"content":{"rendered":"\n<div class=\"wp-block-stackable-text stk-block-text stk-block stk-6024e5a\" data-block-id=\"6024e5a\"><p class=\"stk-block-text__text has-text-align-left\">Der Tagesablauf unserer Schule ist strukturiert und gliedert sich in den Unterricht am Vormittag und die OGS-Betreuung am Nachmittag.<br><br>Das Schulgel\u00e4nde \u00f6ffnet um 7.30 Uhr. Bis zum Klingelzeichen um 8.00 Uhr k\u00f6nnen sich die Kinder auf dem Schulgel\u00e4nde aufhalten. Von 8.00 bis 8.15 Uhr ist Offener Anfang. In dieser Zeitspanne k\u00f6nnen die Kinder entspannt in der Schule und ihren Klassen ankommen und in Ruhe aus den Lernangeboten w\u00e4hlen.<br><br>Die Betreuung der OGS \u00f6ffnet um 12.00 Uhr nach dem Unterricht und endet um 16.00 Uhr. In dieser Zeit k\u00f6nnen die Kinder frei spielen, an verschiedenen AG-Angeboten teilnehmen, essen gemeinsam Mittagessen und arbeiten in einer Lernzeit an ihren Aufgaben. Bei Bedarf besteht die M\u00f6glichkeit das Kind zur Sp\u00e4tbetreuung bis 17.00 Uhr anzumelden.\u00a0<\/p><\/div>\n\n\n\n<p><\/p>\n\n\n\n<p><\/p>\n\n\n\n<p><\/p>\n","protected":false},"excerpt":{"rendered":"<p>Der Tagesablauf unserer Schule ist strukturiert und gliedert sich in den Unterricht am Vormittag und die OGS-Betreuung am Nachmittag. Das Schulgel\u00e4nde \u00f6ffnet um 7.30 Uhr. Bis zum Klingelzeichen um 8.00 Uhr k\u00f6nnen sich die Kinder auf dem Schulgel\u00e4nde aufhalten. Von 8.00 bis 8.15 Uhr ist Offener Anfang. In dieser Zeitspanne k\u00f6nnen die Kinder entspannt in der Schule und ihren Klassen ankommen und in Ruhe aus den Lernangeboten w\u00e4hlen. Die Betreuung der OGS \u00f6ffnet um 12.00 Uhr nach dem Unterricht und endet um 16.00 Uhr. In dieser Zeit k\u00f6nnen die Kinder frei spielen, an verschiedenen AG-Angeboten teilnehmen, essen gemeinsam Mittagessen und\u2026<\/p>\n","protected":false},"author":3,"featured_media":0,"parent":0,"menu_order":0,"comment_status":"closed","ping_status":"closed","template":"","meta":[],"blocksy_meta":{"styles_descriptor":{"styles":{"desktop":"","tablet":"","mobile":""},"google_fonts":[],"version":5}},"featured_image_urls":{"full":"","thumbnail":"","medium":"","medium_large":"","large":"","1536x1536":"","2048x2048":""},"post_excerpt_stackable":"<p>Der Tagesablauf unserer Schule ist strukturiert und gliedert sich in den Unterricht am Vormittag und die OGS-Betreuung am Nachmittag.Das Schulgel\u00e4nde \u00f6ffnet um 7.30 Uhr. Bis zum Klingelzeichen um 8.00 Uhr k\u00f6nnen sich die Kinder auf dem Schulgel\u00e4nde aufhalten. Von 8.00 bis 8.15 Uhr ist Offener Anfang. In dieser Zeitspanne k\u00f6nnen die Kinder entspannt in der Schule und ihren Klassen ankommen und in Ruhe aus den Lernangeboten w\u00e4hlen.Die Betreuung der OGS \u00f6ffnet um 12.00 Uhr nach dem Unterricht und endet um 16.00 Uhr. In dieser Zeit k\u00f6nnen die Kinder frei spielen, an verschiedenen AG-Angeboten teilnehmen, essen gemeinsam Mittagessen und arbeiten in&hellip;<\/p>\n","category_list":"","author_info":{"name":"MM","url":"https:\/\/fortests.de\/index.php\/author\/m9124\/"},"comments_num":"0 comments","featured_image_urls_v2":{"full":"","thumbnail":"","medium":"","medium_large":"","large":"","1536x1536":"","2048x2048":""},"post_excerpt_stackable_v2":"<p>Der Tagesablauf unserer Schule ist strukturiert und gliedert sich in den Unterricht am Vormittag und die OGS-Betreuung am Nachmittag.Das Schulgel\u00e4nde \u00f6ffnet um 7.30 Uhr. Bis zum Klingelzeichen um 8.00 Uhr k\u00f6nnen sich die Kinder auf dem Schulgel\u00e4nde aufhalten. Von 8.00 bis 8.15 Uhr ist Offener Anfang. In dieser Zeitspanne k\u00f6nnen die Kinder entspannt in der Schule und ihren Klassen ankommen und in Ruhe aus den Lernangeboten w\u00e4hlen.Die Betreuung der OGS \u00f6ffnet um 12.00 Uhr nach dem Unterricht und endet um 16.00 Uhr. In dieser Zeit k\u00f6nnen die Kinder frei spielen, an verschiedenen AG-Angeboten teilnehmen, essen gemeinsam Mittagessen und arbeiten in&hellip;<\/p>\n","category_list_v2":"","author_info_v2":{"name":"MM","url":"https:\/\/fortests.de\/index.php\/author\/m9124\/"},"comments_num_v2":"0 comments","_links":{"self":[{"href":"https:\/\/fortests.de\/index.php\/wp-json\/wp\/v2\/pages\/1097"}],"collection":[{"href":"https:\/\/fortests.de\/index.php\/wp-json\/wp\/v2\/pages"}],"about":[{"href":"https:\/\/fortests.de\/index.php\/wp-json\/wp\/v2\/types\/page"}],"author":[{"embeddable":true,"href":"https:\/\/fortests.de\/index.php\/wp-json\/wp\/v2\/users\/3"}],"replies":[{"embeddable":true,"href":"https:\/\/fortests.de\/index.php\/wp-json\/wp\/v2\/comments?post=1097"}],"version-history":[{"count":2,"href":"https:\/\/fortests.de\/index.php\/wp-json\/wp\/v2\/pages\/1097\/revisions"}],"predecessor-version":[{"id":1235,"href":"https:\/\/fortests.de\/index.php\/wp-json\/wp\/v2\/pages\/1097\/revisions\/1235"}],"wp:attachment":[{"href":"https:\/\/fortests.de\/index.php\/wp-json\/wp\/v2\/media?parent=1097"}],"curies":[{"name":"wp","href":"https:\/\/api.w.org\/{rel}","templated":true}]}}