{"id":1088,"date":"2022-08-18T14:25:46","date_gmt":"2022-08-18T12:25:46","guid":{"rendered":"https:\/\/fortests.de\/?page_id=1088"},"modified":"2022-08-18T14:25:46","modified_gmt":"2022-08-18T12:25:46","slug":"schulsozialarbeit","status":"publish","type":"page","link":"https:\/\/fortests.de\/index.php\/schulsozialarbeit\/","title":{"rendered":"Schulsozialarbeit"},"content":{"rendered":"\n<p><strong>Schulsozialarbeit<\/strong><\/p>\n\n\n\n<p>An einer Schule kommen viele Menschen zusammen. Kinder, Eltern, Schulleitung, Lehrkr\u00e4fte und die Betreuungspersonen des offenen Ganztags.<\/p>\n\n\n\n<p>Schulsozialarbeit versteht sich in diesem Zusammenspiel als Bindeglied u.a. auch in das Netzwerk au\u00dferhalb der Schule.<\/p>\n\n\n\n<p>Als Ansprechpartnerin f\u00fcr s\u00e4mtliche Themen rund um ihr Kind und die Schule, aber auch dar\u00fcber hinaus, steht ihnen Frau Marx seit 2012 gerne zur Verf\u00fcgung.&nbsp;<\/p>\n\n\n\n<p>Die Angebote der Schulsozialarbeit im \u00dcberblick:<\/p>\n\n\n\n<ul><li>Gespr\u00e4chs- und Beratungsangebot sowohl f\u00fcr Kinder als auch Eltern<\/li><li>Sozialp\u00e4dagogische Gruppenarbeit (z.B. Soziales Lernen, Streitschlichtung)<\/li><li>Projektbetreuung und Koordination<\/li><li>Unterst\u00fctzung beim Verstehen und Ausf\u00fcllen von Antr\u00e4gen und Schreiben<\/li><li>Netzwerkarbeit und Vermittlung von interessanten Adressen und Anlaufstellen<\/li><li>\u2026 einfach nur ein offenes Ohr und vieles mehr\u2026<\/li><\/ul>\n\n\n\n<p>M\u00f6glichkeiten Kontakt zu Frau Marx aufzunehmen besteht:<\/p>\n\n\n\n<ul><li>jederzeit \u00fcber die Schule<\/li><li>\u00fcber die Mobilnummer&nbsp;<strong>0175-6012047<\/strong><\/li><li>per E-Mail:&nbsp;<strong>marx@awo-koeln.de<\/strong><\/li><\/ul>\n\n\n\n<p>jeden Donnerstag von 08:15 Uhr bis 10:00 Uhr<\/p>\n\n\n\n<ul><li>in der offenen Sprechstunde<\/li><\/ul>\n\n\n\n<p>Montag, Dienstag und Mittwoch von 08:00 Uhr&nbsp; bis 09:30 Uhr&nbsp;<\/p>\n\n\n\n<ul><li>oder nach Bedarf und Absprache<\/li><\/ul>\n","protected":false},"excerpt":{"rendered":"<p>Schulsozialarbeit An einer Schule kommen viele Menschen zusammen. Kinder, Eltern, Schulleitung, Lehrkr\u00e4fte und die Betreuungspersonen des offenen Ganztags. Schulsozialarbeit versteht sich in diesem Zusammenspiel als Bindeglied u.a. auch in das Netzwerk au\u00dferhalb der Schule. Als Ansprechpartnerin f\u00fcr s\u00e4mtliche Themen rund um ihr Kind und die Schule, aber auch dar\u00fcber hinaus, steht ihnen Frau Marx seit 2012 gerne zur Verf\u00fcgung.&nbsp; Die Angebote der Schulsozialarbeit im \u00dcberblick: Gespr\u00e4chs- und Beratungsangebot sowohl f\u00fcr Kinder als auch Eltern Sozialp\u00e4dagogische Gruppenarbeit (z.B. Soziales Lernen, Streitschlichtung) Projektbetreuung und Koordination Unterst\u00fctzung beim Verstehen und Ausf\u00fcllen von Antr\u00e4gen und Schreiben Netzwerkarbeit und Vermittlung von interessanten Adressen und Anlaufstellen\u2026<\/p>\n","protected":false},"author":3,"featured_media":0,"parent":0,"menu_order":0,"comment_status":"closed","ping_status":"closed","template":"","meta":[],"blocksy_meta":{"styles_descriptor":{"styles":{"desktop":"","tablet":"","mobile":""},"google_fonts":[],"version":5}},"featured_image_urls":{"full":"","thumbnail":"","medium":"","medium_large":"","large":"","1536x1536":"","2048x2048":""},"post_excerpt_stackable":"<p>Schulsozialarbeit An einer Schule kommen viele Menschen zusammen. Kinder, Eltern, Schulleitung, Lehrkr\u00e4fte und die Betreuungspersonen des offenen Ganztags. Schulsozialarbeit versteht sich in diesem Zusammenspiel als Bindeglied u.a. auch in das Netzwerk au\u00dferhalb der Schule. Als Ansprechpartnerin f\u00fcr s\u00e4mtliche Themen rund um ihr Kind und die Schule, aber auch dar\u00fcber hinaus, steht ihnen Frau Marx seit 2012 gerne zur Verf\u00fcgung.&nbsp; Die Angebote der Schulsozialarbeit im \u00dcberblick: Gespr\u00e4chs- und Beratungsangebot sowohl f\u00fcr Kinder als auch ElternSozialp\u00e4dagogische Gruppenarbeit (z.B. Soziales Lernen, Streitschlichtung)Projektbetreuung und KoordinationUnterst\u00fctzung beim Verstehen und Ausf\u00fcllen von Antr\u00e4gen und SchreibenNetzwerkarbeit und Vermittlung von interessanten Adressen und Anlaufstellen\u2026 einfach nur ein offenes&hellip;<\/p>\n","category_list":"","author_info":{"name":"MM","url":"https:\/\/fortests.de\/index.php\/author\/m9124\/"},"comments_num":"0 comments","featured_image_urls_v2":{"full":"","thumbnail":"","medium":"","medium_large":"","large":"","1536x1536":"","2048x2048":""},"post_excerpt_stackable_v2":"<p>Schulsozialarbeit An einer Schule kommen viele Menschen zusammen. Kinder, Eltern, Schulleitung, Lehrkr\u00e4fte und die Betreuungspersonen des offenen Ganztags. Schulsozialarbeit versteht sich in diesem Zusammenspiel als Bindeglied u.a. auch in das Netzwerk au\u00dferhalb der Schule. Als Ansprechpartnerin f\u00fcr s\u00e4mtliche Themen rund um ihr Kind und die Schule, aber auch dar\u00fcber hinaus, steht ihnen Frau Marx seit 2012 gerne zur Verf\u00fcgung.&nbsp; Die Angebote der Schulsozialarbeit im \u00dcberblick: Gespr\u00e4chs- und Beratungsangebot sowohl f\u00fcr Kinder als auch ElternSozialp\u00e4dagogische Gruppenarbeit (z.B. Soziales Lernen, Streitschlichtung)Projektbetreuung und KoordinationUnterst\u00fctzung beim Verstehen und Ausf\u00fcllen von Antr\u00e4gen und SchreibenNetzwerkarbeit und Vermittlung von interessanten Adressen und Anlaufstellen\u2026 einfach nur ein offenes&hellip;<\/p>\n","category_list_v2":"","author_info_v2":{"name":"MM","url":"https:\/\/fortests.de\/index.php\/author\/m9124\/"},"comments_num_v2":"0 comments","_links":{"self":[{"href":"https:\/\/fortests.de\/index.php\/wp-json\/wp\/v2\/pages\/1088"}],"collection":[{"href":"https:\/\/fortests.de\/index.php\/wp-json\/wp\/v2\/pages"}],"about":[{"href":"https:\/\/fortests.de\/index.php\/wp-json\/wp\/v2\/types\/page"}],"author":[{"embeddable":true,"href":"https:\/\/fortests.de\/index.php\/wp-json\/wp\/v2\/users\/3"}],"replies":[{"embeddable":true,"href":"https:\/\/fortests.de\/index.php\/wp-json\/wp\/v2\/comments?post=1088"}],"version-history":[{"count":1,"href":"https:\/\/fortests.de\/index.php\/wp-json\/wp\/v2\/pages\/1088\/revisions"}],"predecessor-version":[{"id":1089,"href":"https:\/\/fortests.de\/index.php\/wp-json\/wp\/v2\/pages\/1088\/revisions\/1089"}],"wp:attachment":[{"href":"https:\/\/fortests.de\/index.php\/wp-json\/wp\/v2\/media?parent=1088"}],"curies":[{"name":"wp","href":"https:\/\/api.w.org\/{rel}","templated":true}]}}